{"id":3396,"date":"2020-09-24T15:52:26","date_gmt":"2020-09-24T15:52:26","guid":{"rendered":"https:\/\/staging.encore-mx.com\/power\/"},"modified":"2024-07-17T15:34:36","modified_gmt":"2024-07-17T15:34:36","slug":"on-site-enegia-electrica","status":"publish","type":"page","link":"https:\/\/info.encore-mx.com\/es\/tecnologia\/on-site-enegia-electrica\/","title":{"rendered":"Energ\u00eda El\u00e9ctrica"},"content":{"rendered":"\t\t<div data-elementor-type=\"wp-page\" data-elementor-id=\"3396\" class=\"elementor elementor-3396 elementor-3133\" data-elementor-post-type=\"page\">\n\t\t\t\t\t\t<section class=\"elementor-section elementor-top-section elementor-element elementor-element-3051da9 elementor-section-stretched logo-bg left grey-border-bottom elementor-section-boxed elementor-section-height-default elementor-section-height-default\" data-id=\"3051da9\" data-element_type=\"section\" data-settings=\"{&quot;stretch_section&quot;:&quot;section-stretched&quot;,&quot;background_background&quot;:&quot;classic&quot;}\">\n\t\t\t\t\t\t<div class=\"elementor-container elementor-column-gap-default\">\n\t\t\t\t\t<div class=\"elementor-column elementor-col-100 elementor-top-column elementor-element elementor-element-6dfc692f\" data-id=\"6dfc692f\" data-element_type=\"column\">\n\t\t\t<div class=\"elementor-widget-wrap elementor-element-populated\">\n\t\t\t\t\t\t<div class=\"elementor-element elementor-element-39849c48 elementor-widget elementor-widget-text-editor\" data-id=\"39849c48\" data-element_type=\"widget\" data-widget_type=\"text-editor.default\">\n\t\t\t\t<div class=\"elementor-widget-container\">\n\t\t\t\t\t\t\t\t\t<h2 style=\"text-align: center\">Energ\u00eda El\u00e9ctrica<\/h2>\n<p style=\"text-align: center\">Encore puede proporcionar soporte de energ\u00eda el\u00e9ctrica para cualquier evento, en cualquier parte del mundo. Esto incluye distribuci\u00f3n para convenciones en sitios importantes, eventos especiales, eventos en exteriores, salas de conciertos, eventos deportivos y producciones de pel\u00edculas. .<\/p>\n<p style=\"text-align: center\">Los t\u00e9cnicos de Encore est\u00e1n entrenados y certificados en mercados locales y repaldados por los equipos Regionales de Distribuci\u00f3n de Energ\u00eda El\u00e9ctrica.<\/p>\t\t\t\t\t\t\t\t<\/div>\n\t\t\t\t<\/div>\n\t\t\t\t\t<\/div>\n\t\t<\/div>\n\t\t\t\t\t<\/div>\n\t\t<\/section>\n\t\t\t\t<section class=\"elementor-section elementor-top-section elementor-element elementor-element-a2a8c06 elementor-section-boxed elementor-section-height-default elementor-section-height-default\" data-id=\"a2a8c06\" data-element_type=\"section\">\n\t\t\t\t\t\t<div class=\"elementor-container elementor-column-gap-default\">\n\t\t\t\t\t<div class=\"elementor-column elementor-col-100 elementor-top-column elementor-element elementor-element-591e655\" data-id=\"591e655\" data-element_type=\"column\">\n\t\t\t<div class=\"elementor-widget-wrap elementor-element-populated\">\n\t\t\t\t\t\t<div class=\"elementor-element elementor-element-dddde35 elementor-widget elementor-widget-global elementor-global-47583 elementor-widget-text-editor\" data-id=\"dddde35\" data-element_type=\"widget\" data-widget_type=\"text-editor.default\">\n\t\t\t\t<div class=\"elementor-widget-container\">\n\t\t\t\t\t\t\t\t\t<h2>Hablemos de sus necesidades de experiencia en eventos.<\/h2>\n<h3>\u00a1Ll\u00e1menos al +52 (55) 3000.8500 o complete el formulario a continuaci\u00f3n para comenzar!<\/h3>\n<p>Para ponerse en contacto con un lugar espec\u00edfico, proceda a trav\u00e9s de <span style=\"text-decoration: underline;\"><strong><a href=\"https:\/\/www.encore-mx.com\/es\/global-locator\/\">Global Locator<\/a><\/strong><\/span>. Esto le permitir\u00e1 ponerse en contacto con el equipo del lugar para ayudarlo con sus necesidades de experiencia en el evento.<\/p>\t\t\t\t\t\t\t\t<\/div>\n\t\t\t\t<\/div>\n\t\t\t\t<div class=\"elementor-element elementor-element-96de393 elementor-align-center encore-utm-lightbox elementor-widget elementor-widget-global elementor-global-47586 elementor-widget-button\" data-id=\"96de393\" data-element_type=\"widget\" data-widget_type=\"button.default\">\n\t\t\t\t<div class=\"elementor-widget-container\">\n\t\t\t\t\t\t\t\t\t<div class=\"elementor-button-wrapper\">\n\t\t\t\t\t<a class=\"elementor-button elementor-button-link elementor-size-sm\" href=\"https:\/\/create.encore-mx.com\/mxsContact\" data-width=\"800\">\n\t\t\t\t\t\t<span class=\"elementor-button-content-wrapper\">\n\t\t\t\t\t\t\t\t\t<span class=\"elementor-button-text\">Cont\u00e1ctanos<\/span>\n\t\t\t\t\t<\/span>\n\t\t\t\t\t<\/a>\n\t\t\t\t<\/div>\n\t\t\t\t\t\t\t\t<\/div>\n\t\t\t\t<\/div>\n\t\t\t\t\t<\/div>\n\t\t<\/div>\n\t\t\t\t\t<\/div>\n\t\t<\/section>\n\t\t\t\t<\/div>\n\t\t","protected":false},"excerpt":{"rendered":"<p>Energ\u00eda El\u00e9ctrica Encore puede proporcionar soporte de energ\u00eda el\u00e9ctrica para cualquier evento, en cualquier parte del mundo. Esto incluye distribuci\u00f3n para convenciones en sitios importantes, eventos especiales, eventos en exteriores, salas de conciertos, eventos deportivos y producciones de pel\u00edculas. . Los t\u00e9cnicos de Encore est\u00e1n entrenados y certificados en mercados locales y repaldados por los &#8230; <a href=\"https:\/\/info.encore-mx.com\/es\/tecnologia\/on-site-enegia-electrica\/\">CONOCE M\u00c1S<\/a><\/p>\n","protected":false},"author":6934,"featured_media":3053,"parent":3388,"menu_order":0,"comment_status":"closed","ping_status":"closed","template":"","meta":{"footnotes":""},"tags":[],"class_list":["post-3396","page","type-page","status-publish","has-post-thumbnail","hentry"],"yoast_head":"<!-- This site is optimized with the Yoast SEO Premium plugin v25.4 (Yoast SEO v25.4) - https:\/\/yoast.com\/wordpress\/plugins\/seo\/ -->\n<title>Energ\u00eda El\u00e9ctrica | Tecnolog\u00eda | On Site | Encore Mexico<\/title>\n<meta name=\"description\" content=\"Encore puede proporcionar soporte de energ\u00eda el\u00e9ctrica para cualquier evento, en cualquier parte del mundo. . Esto incluye distribuci\u00f3n para convenciones en sitios importantes, eventos especiales, eventos en exteriores, salas de conciertos, eventos deportivos y producciones de pel\u00edculas.\" \/>\n<meta name=\"robots\" content=\"noindex, follow, max-snippet:-1, max-image-preview:large, max-video-preview:-1\" \/>\n<meta property=\"og:locale\" content=\"es_ES\" \/>\n<meta property=\"og:type\" content=\"article\" \/>\n<meta property=\"og:title\" content=\"Energ\u00eda El\u00e9ctrica\" \/>\n<meta property=\"og:description\" content=\"Encore puede proporcionar soporte de energ\u00eda el\u00e9ctrica para cualquier evento, en cualquier parte del mundo. . Esto incluye distribuci\u00f3n para convenciones en sitios importantes, eventos especiales, eventos en exteriores, salas de conciertos, eventos deportivos y producciones de pel\u00edculas.\" \/>\n<meta property=\"og:url\" content=\"https:\/\/info.encore-mx.com\/es\/tecnologia\/on-site-enegia-electrica\/\" \/>\n<meta property=\"og:site_name\" content=\"Encore Mexico\" \/>\n<meta property=\"article:modified_time\" content=\"2024-07-17T15:34:36+00:00\" \/>\n<meta property=\"og:image\" content=\"https:\/\/cdn.encoreglobal.com\/wp-content\/uploads\/sites\/4\/2020\/09\/23185637\/power-distribution-hero.jpg\" \/>\n\t<meta property=\"og:image:width\" content=\"1440\" \/>\n\t<meta property=\"og:image:height\" content=\"585\" \/>\n\t<meta property=\"og:image:type\" content=\"image\/jpeg\" \/>\n<meta name=\"twitter:card\" content=\"summary_large_image\" \/>\n<meta name=\"twitter:label1\" content=\"Tiempo de lectura\" \/>\n\t<meta name=\"twitter:data1\" content=\"1 minuto\" \/>\n<script type=\"application\/ld+json\" class=\"yoast-schema-graph\">{\"@context\":\"https:\/\/schema.org\",\"@graph\":[{\"@type\":\"WebPage\",\"@id\":\"https:\/\/info.encore-mx.com\/es\/tecnologia\/on-site-enegia-electrica\/\",\"url\":\"https:\/\/info.encore-mx.com\/es\/tecnologia\/on-site-enegia-electrica\/\",\"name\":\"Energ\u00eda El\u00e9ctrica | Tecnolog\u00eda | On Site | Encore Mexico\",\"isPartOf\":{\"@id\":\"https:\/\/info.encore-mx.com\/#website\"},\"primaryImageOfPage\":{\"@id\":\"https:\/\/info.encore-mx.com\/es\/tecnologia\/on-site-enegia-electrica\/#primaryimage\"},\"image\":{\"@id\":\"https:\/\/info.encore-mx.com\/es\/tecnologia\/on-site-enegia-electrica\/#primaryimage\"},\"thumbnailUrl\":\"https:\/\/cdn.encoreglobal.com\/wp-content\/uploads\/sites\/4\/2020\/09\/23185637\/power-distribution-hero.jpg\",\"datePublished\":\"2020-09-24T15:52:26+00:00\",\"dateModified\":\"2024-07-17T15:34:36+00:00\",\"description\":\"Encore puede proporcionar soporte de energ\u00eda el\u00e9ctrica para cualquier evento, en cualquier parte del mundo. . Esto incluye distribuci\u00f3n para convenciones en sitios importantes, eventos especiales, eventos en exteriores, salas de conciertos, eventos deportivos y producciones de pel\u00edculas.\",\"breadcrumb\":{\"@id\":\"https:\/\/info.encore-mx.com\/es\/tecnologia\/on-site-enegia-electrica\/#breadcrumb\"},\"inLanguage\":\"es\",\"potentialAction\":[{\"@type\":\"ReadAction\",\"target\":[\"https:\/\/info.encore-mx.com\/es\/tecnologia\/on-site-enegia-electrica\/\"]}]},{\"@type\":\"ImageObject\",\"inLanguage\":\"es\",\"@id\":\"https:\/\/info.encore-mx.com\/es\/tecnologia\/on-site-enegia-electrica\/#primaryimage\",\"url\":\"https:\/\/cdn.encoreglobal.com\/wp-content\/uploads\/sites\/4\/2020\/09\/23185637\/power-distribution-hero.jpg\",\"contentUrl\":\"https:\/\/cdn.encoreglobal.com\/wp-content\/uploads\/sites\/4\/2020\/09\/23185637\/power-distribution-hero.jpg\",\"width\":1440,\"height\":585},{\"@type\":\"BreadcrumbList\",\"@id\":\"https:\/\/info.encore-mx.com\/es\/tecnologia\/on-site-enegia-electrica\/#breadcrumb\",\"itemListElement\":[{\"@type\":\"ListItem\",\"position\":1,\"name\":\"Home\",\"item\":\"https:\/\/info.encore-mx.com\/es\/\"},{\"@type\":\"ListItem\",\"position\":2,\"name\":\"Tecnolog\u00eda\",\"item\":\"https:\/\/info.encore-mx.com\/es\/tecnologia\/\"},{\"@type\":\"ListItem\",\"position\":3,\"name\":\"Energ\u00eda El\u00e9ctrica\"}]},{\"@type\":\"WebSite\",\"@id\":\"https:\/\/info.encore-mx.com\/#website\",\"url\":\"https:\/\/info.encore-mx.com\/\",\"name\":\"Encore Mexico\",\"description\":\"Events That Transform\",\"publisher\":{\"@id\":\"https:\/\/info.encore-mx.com\/#organization\"},\"potentialAction\":[{\"@type\":\"SearchAction\",\"target\":{\"@type\":\"EntryPoint\",\"urlTemplate\":\"https:\/\/info.encore-mx.com\/?s={search_term_string}\"},\"query-input\":{\"@type\":\"PropertyValueSpecification\",\"valueRequired\":true,\"valueName\":\"search_term_string\"}}],\"inLanguage\":\"es\"},{\"@type\":\"Organization\",\"@id\":\"https:\/\/info.encore-mx.com\/#organization\",\"name\":\"Encore Mexico\",\"url\":\"https:\/\/info.encore-mx.com\/\",\"logo\":{\"@type\":\"ImageObject\",\"inLanguage\":\"es\",\"@id\":\"https:\/\/info.encore-mx.com\/#\/schema\/logo\/image\/\",\"url\":\"https:\/\/cdn.encoreglobal.com\/wp-content\/uploads\/sites\/4\/2020\/08\/05172619\/Encore-Logo_Horiz.png\",\"contentUrl\":\"https:\/\/cdn.encoreglobal.com\/wp-content\/uploads\/sites\/4\/2020\/08\/05172619\/Encore-Logo_Horiz.png\",\"width\":1523,\"height\":476,\"caption\":\"Encore Mexico\"},\"image\":{\"@id\":\"https:\/\/info.encore-mx.com\/#\/schema\/logo\/image\/\"}}]}<\/script>\n<!-- \/ Yoast SEO Premium plugin. -->","yoast_head_json":{"title":"Energ\u00eda El\u00e9ctrica | Tecnolog\u00eda | On Site | Encore Mexico","description":"Encore puede proporcionar soporte de energ\u00eda el\u00e9ctrica para cualquier evento, en cualquier parte del mundo. . Esto incluye distribuci\u00f3n para convenciones en sitios importantes, eventos especiales, eventos en exteriores, salas de conciertos, eventos deportivos y producciones de pel\u00edculas.","robots":{"index":"noindex","follow":"follow","max-snippet":"max-snippet:-1","max-image-preview":"max-image-preview:large","max-video-preview":"max-video-preview:-1"},"og_locale":"es_ES","og_type":"article","og_title":"Energ\u00eda El\u00e9ctrica","og_description":"Encore puede proporcionar soporte de energ\u00eda el\u00e9ctrica para cualquier evento, en cualquier parte del mundo. . Esto incluye distribuci\u00f3n para convenciones en sitios importantes, eventos especiales, eventos en exteriores, salas de conciertos, eventos deportivos y producciones de pel\u00edculas.","og_url":"https:\/\/info.encore-mx.com\/es\/tecnologia\/on-site-enegia-electrica\/","og_site_name":"Encore Mexico","article_modified_time":"2024-07-17T15:34:36+00:00","og_image":[{"width":1440,"height":585,"url":"https:\/\/cdn.encoreglobal.com\/wp-content\/uploads\/sites\/4\/2020\/09\/23185637\/power-distribution-hero.jpg","type":"image\/jpeg"}],"twitter_card":"summary_large_image","twitter_misc":{"Tiempo de lectura":"1 minuto"},"schema":{"@context":"https:\/\/schema.org","@graph":[{"@type":"WebPage","@id":"https:\/\/info.encore-mx.com\/es\/tecnologia\/on-site-enegia-electrica\/","url":"https:\/\/info.encore-mx.com\/es\/tecnologia\/on-site-enegia-electrica\/","name":"Energ\u00eda El\u00e9ctrica | Tecnolog\u00eda | On Site | Encore Mexico","isPartOf":{"@id":"https:\/\/info.encore-mx.com\/#website"},"primaryImageOfPage":{"@id":"https:\/\/info.encore-mx.com\/es\/tecnologia\/on-site-enegia-electrica\/#primaryimage"},"image":{"@id":"https:\/\/info.encore-mx.com\/es\/tecnologia\/on-site-enegia-electrica\/#primaryimage"},"thumbnailUrl":"https:\/\/cdn.encoreglobal.com\/wp-content\/uploads\/sites\/4\/2020\/09\/23185637\/power-distribution-hero.jpg","datePublished":"2020-09-24T15:52:26+00:00","dateModified":"2024-07-17T15:34:36+00:00","description":"Encore puede proporcionar soporte de energ\u00eda el\u00e9ctrica para cualquier evento, en cualquier parte del mundo. . Esto incluye distribuci\u00f3n para convenciones en sitios importantes, eventos especiales, eventos en exteriores, salas de conciertos, eventos deportivos y producciones de pel\u00edculas.","breadcrumb":{"@id":"https:\/\/info.encore-mx.com\/es\/tecnologia\/on-site-enegia-electrica\/#breadcrumb"},"inLanguage":"es","potentialAction":[{"@type":"ReadAction","target":["https:\/\/info.encore-mx.com\/es\/tecnologia\/on-site-enegia-electrica\/"]}]},{"@type":"ImageObject","inLanguage":"es","@id":"https:\/\/info.encore-mx.com\/es\/tecnologia\/on-site-enegia-electrica\/#primaryimage","url":"https:\/\/cdn.encoreglobal.com\/wp-content\/uploads\/sites\/4\/2020\/09\/23185637\/power-distribution-hero.jpg","contentUrl":"https:\/\/cdn.encoreglobal.com\/wp-content\/uploads\/sites\/4\/2020\/09\/23185637\/power-distribution-hero.jpg","width":1440,"height":585},{"@type":"BreadcrumbList","@id":"https:\/\/info.encore-mx.com\/es\/tecnologia\/on-site-enegia-electrica\/#breadcrumb","itemListElement":[{"@type":"ListItem","position":1,"name":"Home","item":"https:\/\/info.encore-mx.com\/es\/"},{"@type":"ListItem","position":2,"name":"Tecnolog\u00eda","item":"https:\/\/info.encore-mx.com\/es\/tecnologia\/"},{"@type":"ListItem","position":3,"name":"Energ\u00eda El\u00e9ctrica"}]},{"@type":"WebSite","@id":"https:\/\/info.encore-mx.com\/#website","url":"https:\/\/info.encore-mx.com\/","name":"Encore Mexico","description":"Events That Transform","publisher":{"@id":"https:\/\/info.encore-mx.com\/#organization"},"potentialAction":[{"@type":"SearchAction","target":{"@type":"EntryPoint","urlTemplate":"https:\/\/info.encore-mx.com\/?s={search_term_string}"},"query-input":{"@type":"PropertyValueSpecification","valueRequired":true,"valueName":"search_term_string"}}],"inLanguage":"es"},{"@type":"Organization","@id":"https:\/\/info.encore-mx.com\/#organization","name":"Encore Mexico","url":"https:\/\/info.encore-mx.com\/","logo":{"@type":"ImageObject","inLanguage":"es","@id":"https:\/\/info.encore-mx.com\/#\/schema\/logo\/image\/","url":"https:\/\/cdn.encoreglobal.com\/wp-content\/uploads\/sites\/4\/2020\/08\/05172619\/Encore-Logo_Horiz.png","contentUrl":"https:\/\/cdn.encoreglobal.com\/wp-content\/uploads\/sites\/4\/2020\/08\/05172619\/Encore-Logo_Horiz.png","width":1523,"height":476,"caption":"Encore Mexico"},"image":{"@id":"https:\/\/info.encore-mx.com\/#\/schema\/logo\/image\/"}}]}},"_links":{"self":[{"href":"https:\/\/info.encore-mx.com\/es\/wp-json\/wp\/v2\/pages\/3396","targetHints":{"allow":["GET"]}}],"collection":[{"href":"https:\/\/info.encore-mx.com\/es\/wp-json\/wp\/v2\/pages"}],"about":[{"href":"https:\/\/info.encore-mx.com\/es\/wp-json\/wp\/v2\/types\/page"}],"author":[{"embeddable":true,"href":"https:\/\/info.encore-mx.com\/es\/wp-json\/wp\/v2\/users\/6934"}],"replies":[{"embeddable":true,"href":"https:\/\/info.encore-mx.com\/es\/wp-json\/wp\/v2\/comments?post=3396"}],"version-history":[{"count":0,"href":"https:\/\/info.encore-mx.com\/es\/wp-json\/wp\/v2\/pages\/3396\/revisions"}],"up":[{"embeddable":true,"href":"https:\/\/info.encore-mx.com\/es\/wp-json\/wp\/v2\/pages\/3388"}],"wp:featuredmedia":[{"embeddable":true,"href":"https:\/\/info.encore-mx.com\/es\/wp-json\/wp\/v2\/media\/3053"}],"wp:attachment":[{"href":"https:\/\/info.encore-mx.com\/es\/wp-json\/wp\/v2\/media?parent=3396"}],"wp:term":[{"taxonomy":"post_tag","embeddable":true,"href":"https:\/\/info.encore-mx.com\/es\/wp-json\/wp\/v2\/tags?post=3396"}],"curies":[{"name":"wp","href":"https:\/\/api.w.org\/{rel}","templated":true}]}}