{"id":3402,"date":"2020-09-24T15:46:10","date_gmt":"2020-09-24T15:46:10","guid":{"rendered":"https:\/\/staging.encore-mx.com\/lighting\/"},"modified":"2024-07-17T15:32:31","modified_gmt":"2024-07-17T15:32:31","slug":"on-site-iluminacion","status":"publish","type":"page","link":"https:\/\/info.encore-mx.com\/es\/tecnologia\/on-site-iluminacion\/","title":{"rendered":"Iluminaci\u00f3n"},"content":{"rendered":"\t\t<div data-elementor-type=\"wp-page\" data-elementor-id=\"3402\" class=\"elementor elementor-3402 elementor-3116\" data-elementor-post-type=\"page\">\n\t\t\t\t\t\t<section class=\"elementor-section elementor-top-section elementor-element elementor-element-6e0bbc1e elementor-section-stretched logo-bg left grey-border-bottom elementor-section-boxed elementor-section-height-default elementor-section-height-default\" data-id=\"6e0bbc1e\" data-element_type=\"section\" data-settings=\"{&quot;stretch_section&quot;:&quot;section-stretched&quot;,&quot;background_background&quot;:&quot;classic&quot;}\">\n\t\t\t\t\t\t<div class=\"elementor-container elementor-column-gap-default\">\n\t\t\t\t\t<div class=\"elementor-column elementor-col-100 elementor-top-column elementor-element elementor-element-4ec2bbaf\" data-id=\"4ec2bbaf\" data-element_type=\"column\">\n\t\t\t<div class=\"elementor-widget-wrap elementor-element-populated\">\n\t\t\t\t\t\t<div class=\"elementor-element elementor-element-5525d501 elementor-widget elementor-widget-text-editor\" data-id=\"5525d501\" data-element_type=\"widget\" data-widget_type=\"text-editor.default\">\n\t\t\t\t<div class=\"elementor-widget-container\">\n\t\t\t\t\t\t\t\t\t<h2 style=\"text-align: center\">Iluminaci\u00f3n<\/h2>\n<p style=\"text-align: center\">Creemos que la iluminaci\u00f3n inteligente es fundamental para cada evento \u2013 desde peque\u00f1as reuniones hasta grandes conferencias, cenas de gala y exhibiciones interactivas. Tenemos un extenso conocimiento en el uso del dise\u00f1o de iluminaci\u00f3n creativa para transformar espacios que combinen con el tema, marca o incluso cambiar de conferencia a gala.<\/p>\n<p style=\"text-align: center\">Nuestros dise\u00f1adores de iluminaci\u00f3n in house siempre est\u00e1n en busca de formas creativas e innovadoras de comunicar el mensaje de una marca y junto con la experiencia y dedicaci\u00f3n de nuestro equipo de producci\u00f3n \u2013 tus opciones son ilimitadas.<\/p>\n<p style=\"text-align: center\"><b>Explora espec\u00edficamente algunas de nuestras opciones de iluminaci\u00f3n:<\/b><\/p>\t\t\t\t\t\t\t\t<\/div>\n\t\t\t\t<\/div>\n\t\t\t\t\t<\/div>\n\t\t<\/div>\n\t\t\t\t\t<\/div>\n\t\t<\/section>\n\t\t\t\t<section class=\"elementor-section elementor-top-section elementor-element elementor-element-12896840 elementor-section-stretched logo-bg right grey-border-bottom elementor-section-boxed elementor-section-height-default elementor-section-height-default\" data-id=\"12896840\" data-element_type=\"section\" data-settings=\"{&quot;stretch_section&quot;:&quot;section-stretched&quot;}\">\n\t\t\t\t\t\t<div class=\"elementor-container elementor-column-gap-default\">\n\t\t\t\t\t<div class=\"elementor-column elementor-col-66 elementor-top-column elementor-element elementor-element-2a135c79\" data-id=\"2a135c79\" data-element_type=\"column\">\n\t\t\t<div class=\"elementor-widget-wrap elementor-element-populated\">\n\t\t\t\t\t\t<div class=\"elementor-element elementor-element-67d94186 elementor-widget elementor-widget-text-editor\" data-id=\"67d94186\" data-element_type=\"widget\" data-widget_type=\"text-editor.default\">\n\t\t\t\t<div class=\"elementor-widget-container\">\n\t\t\t\t\t\t\t\t\t<h2>Soluciones de iluminaci\u00f3n<\/h2>\nSin importar el tama\u00f1o de la locaci\u00f3n de tu evento, nuestro extenso rango de soluciones de iluminaci\u00f3n tiene algo que va de acuerdo a cada ocasi\u00f3n, incluyendo:\n<ul>\n \t<li style=\"list-style-type: none\">\n<ul>\n \t<li>Gobos \u2013 con el logotipo de la marca o dise\u00f1o personalizado<\/li>\n \t<li>Iluminaci\u00f3n de Escenario (Stage Wash)<\/li>\n \t<li>Iluminaci\u00f3n Teatral y de LED<\/li>\n \t<li>Iluminaci\u00f3n Art\u00edstica de Alta Potencia<\/li>\n \t<li>Iluminaci\u00f3n Puntual  (Pin Spot)<\/li>\n \t<li>Globos Iluminados (Moon Ballons) <\/li>\n \t<li>Actitud de Iluminaci\u00f3n (Lightitude)<\/li>\n \t<li>Iluminaci\u00f3n Decorativa a Piso (Up-Lighting)<\/li>\n \t<li>Iluminaci\u00f3n de Exteriores<\/li>\n<\/ul>\n<\/li>\n<\/ul>\t\t\t\t\t\t\t\t<\/div>\n\t\t\t\t<\/div>\n\t\t\t\t\t<\/div>\n\t\t<\/div>\n\t\t\t\t<div class=\"elementor-column elementor-col-33 elementor-top-column elementor-element elementor-element-7492ad46\" data-id=\"7492ad46\" data-element_type=\"column\">\n\t\t\t<div class=\"elementor-widget-wrap elementor-element-populated\">\n\t\t\t\t\t\t<div class=\"elementor-element elementor-element-1495cd73 elementor-widget elementor-widget-image\" data-id=\"1495cd73\" data-element_type=\"widget\" data-widget_type=\"image.default\">\n\t\t\t\t<div class=\"elementor-widget-container\">\n\t\t\t\t\t\t\t\t\t\t\t\t\t\t\t\t<a href=\"https:\/\/info.encoreglobal.com\/app\/uploads\/sites\/4\/2020\/09\/hargrove_Bud-Light-House-of-Whatever_Superbowl-50_3.jpg\" data-elementor-open-lightbox=\"yes\" data-elementor-lightbox-title=\"hargrove_Bud-Light-House-of-Whatever_Superbowl-50_3.jpg\" data-e-action-hash=\"#elementor-action%3Aaction%3Dlightbox%26settings%3DeyJpZCI6MzAxNCwidXJsIjoiaHR0cHM6XC9cL2Nkbi5lbmNvcmVnbG9iYWwuY29tXC93cC1jb250ZW50XC91cGxvYWRzXC9zaXRlc1wvNFwvMjAyMFwvMDlcLzIzMTg0NzA0XC9oYXJncm92ZV9CdWQtTGlnaHQtSG91c2Utb2YtV2hhdGV2ZXJfU3VwZXJib3dsLTUwXzMuanBnIn0%3D\">\n\t\t\t\t\t\t\t<img fetchpriority=\"high\" decoding=\"async\" width=\"1440\" height=\"950\" src=\"https:\/\/cdn.encoreglobal.com\/wp-content\/uploads\/sites\/4\/2020\/09\/23184704\/hargrove_Bud-Light-House-of-Whatever_Superbowl-50_3.jpg\" class=\"attachment-full size-full wp-image-3014\" alt=\"\" srcset=\"https:\/\/cdn.encoreglobal.com\/wp-content\/uploads\/sites\/4\/2020\/09\/23184704\/hargrove_Bud-Light-House-of-Whatever_Superbowl-50_3.jpg 1440w, https:\/\/cdn.encoreglobal.com\/wp-content\/uploads\/sites\/4\/2020\/09\/23184704\/hargrove_Bud-Light-House-of-Whatever_Superbowl-50_3-300x198.jpg 300w, https:\/\/cdn.encoreglobal.com\/wp-content\/uploads\/sites\/4\/2020\/09\/23184704\/hargrove_Bud-Light-House-of-Whatever_Superbowl-50_3-1024x676.jpg 1024w, https:\/\/cdn.encoreglobal.com\/wp-content\/uploads\/sites\/4\/2020\/09\/23184704\/hargrove_Bud-Light-House-of-Whatever_Superbowl-50_3-768x507.jpg 768w\" sizes=\"(max-width: 1440px) 100vw, 1440px\" \/>\t\t\t\t\t\t\t\t<\/a>\n\t\t\t\t\t\t\t\t\t\t\t\t\t\t\t<\/div>\n\t\t\t\t<\/div>\n\t\t\t\t\t<\/div>\n\t\t<\/div>\n\t\t\t\t\t<\/div>\n\t\t<\/section>\n\t\t\t\t<section class=\"elementor-section elementor-top-section elementor-element elementor-element-89388b0 elementor-section-boxed elementor-section-height-default elementor-section-height-default\" data-id=\"89388b0\" data-element_type=\"section\">\n\t\t\t\t\t\t<div class=\"elementor-container elementor-column-gap-default\">\n\t\t\t\t\t<div class=\"elementor-column elementor-col-100 elementor-top-column elementor-element elementor-element-a7b68f2\" data-id=\"a7b68f2\" data-element_type=\"column\">\n\t\t\t<div class=\"elementor-widget-wrap elementor-element-populated\">\n\t\t\t\t\t\t<div class=\"elementor-element elementor-element-7d5338a elementor-widget elementor-widget-global elementor-global-47583 elementor-widget-text-editor\" data-id=\"7d5338a\" data-element_type=\"widget\" data-widget_type=\"text-editor.default\">\n\t\t\t\t<div class=\"elementor-widget-container\">\n\t\t\t\t\t\t\t\t\t<h2>Hablemos de sus necesidades de experiencia en eventos.<\/h2>\n<h3>\u00a1Ll\u00e1menos al +52 (55) 3000.8500 o complete el formulario a continuaci\u00f3n para comenzar!<\/h3>\n<p>Para ponerse en contacto con un lugar espec\u00edfico, proceda a trav\u00e9s de <span style=\"text-decoration: underline;\"><strong><a href=\"https:\/\/www.encore-mx.com\/es\/global-locator\/\">Global Locator<\/a><\/strong><\/span>. Esto le permitir\u00e1 ponerse en contacto con el equipo del lugar para ayudarlo con sus necesidades de experiencia en el evento.<\/p>\t\t\t\t\t\t\t\t<\/div>\n\t\t\t\t<\/div>\n\t\t\t\t<div class=\"elementor-element elementor-element-25161bd elementor-align-center encore-utm-lightbox elementor-widget elementor-widget-global elementor-global-47586 elementor-widget-button\" data-id=\"25161bd\" data-element_type=\"widget\" data-widget_type=\"button.default\">\n\t\t\t\t<div class=\"elementor-widget-container\">\n\t\t\t\t\t\t\t\t\t<div class=\"elementor-button-wrapper\">\n\t\t\t\t\t<a class=\"elementor-button elementor-button-link elementor-size-sm\" href=\"https:\/\/create.encore-mx.com\/mxsContact\" data-width=\"800\">\n\t\t\t\t\t\t<span class=\"elementor-button-content-wrapper\">\n\t\t\t\t\t\t\t\t\t<span class=\"elementor-button-text\">Cont\u00e1ctanos<\/span>\n\t\t\t\t\t<\/span>\n\t\t\t\t\t<\/a>\n\t\t\t\t<\/div>\n\t\t\t\t\t\t\t\t<\/div>\n\t\t\t\t<\/div>\n\t\t\t\t\t<\/div>\n\t\t<\/div>\n\t\t\t\t\t<\/div>\n\t\t<\/section>\n\t\t\t\t<\/div>\n\t\t","protected":false},"excerpt":{"rendered":"<p>Iluminaci\u00f3n Creemos que la iluminaci\u00f3n inteligente es fundamental para cada evento \u2013 desde peque\u00f1as reuniones hasta grandes conferencias, cenas de gala y exhibiciones interactivas. Tenemos un extenso conocimiento en el uso del dise\u00f1o de iluminaci\u00f3n creativa para transformar espacios que combinen con el tema, marca o incluso cambiar de conferencia a gala. Nuestros dise\u00f1adores de &#8230; <a href=\"https:\/\/info.encore-mx.com\/es\/tecnologia\/on-site-iluminacion\/\">CONOCE M\u00c1S<\/a><\/p>\n","protected":false},"author":6934,"featured_media":3051,"parent":3388,"menu_order":0,"comment_status":"closed","ping_status":"closed","template":"","meta":{"footnotes":""},"tags":[],"class_list":["post-3402","page","type-page","status-publish","has-post-thumbnail","hentry"],"yoast_head":"<!-- This site is optimized with the Yoast SEO Premium plugin v25.4 (Yoast SEO v25.4) - https:\/\/yoast.com\/wordpress\/plugins\/seo\/ -->\n<title>Iluminaci\u00f3n | Tecnolog\u00eda | On Site | Encore Mexico<\/title>\n<meta name=\"description\" content=\"La iluminaci\u00f3n inteligente es fundamental para cada evento \u2013 desde peque\u00f1as reuniones hasta grandes conferencias, cenas de gala y exhibiciones interactivas.\" \/>\n<meta name=\"robots\" content=\"noindex, follow, max-snippet:-1, max-image-preview:large, max-video-preview:-1\" \/>\n<meta property=\"og:locale\" content=\"es_ES\" \/>\n<meta property=\"og:type\" content=\"article\" \/>\n<meta property=\"og:title\" content=\"Iluminaci\u00f3n\" \/>\n<meta property=\"og:description\" content=\"La iluminaci\u00f3n inteligente es fundamental para cada evento \u2013 desde peque\u00f1as reuniones hasta grandes conferencias, cenas de gala y exhibiciones interactivas.\" \/>\n<meta property=\"og:url\" content=\"https:\/\/info.encore-mx.com\/technology\/on-site-lighting\/\" \/>\n<meta property=\"og:site_name\" content=\"Encore Mexico\" \/>\n<meta property=\"article:modified_time\" content=\"2024-07-17T15:32:31+00:00\" \/>\n<meta property=\"og:image\" content=\"http:\/\/cdn.encoreglobal.com\/wp-content\/uploads\/sites\/4\/2020\/09\/23185636\/IMG_0012-scaled-1.jpg\" \/>\n\t<meta property=\"og:image:width\" content=\"2560\" \/>\n\t<meta property=\"og:image:height\" content=\"1707\" \/>\n\t<meta property=\"og:image:type\" content=\"image\/jpeg\" \/>\n<meta name=\"twitter:card\" content=\"summary_large_image\" \/>\n<meta name=\"twitter:label1\" content=\"Tiempo de lectura\" \/>\n\t<meta name=\"twitter:data1\" content=\"1 minuto\" \/>\n<script type=\"application\/ld+json\" class=\"yoast-schema-graph\">{\"@context\":\"https:\/\/schema.org\",\"@graph\":[{\"@type\":\"WebPage\",\"@id\":\"https:\/\/info.encore-mx.com\/technology\/on-site-lighting\/\",\"url\":\"https:\/\/info.encore-mx.com\/technology\/on-site-lighting\/\",\"name\":\"Iluminaci\u00f3n | Tecnolog\u00eda | On Site | Encore Mexico\",\"isPartOf\":{\"@id\":\"https:\/\/info.encore-mx.com\/#website\"},\"primaryImageOfPage\":{\"@id\":\"https:\/\/info.encore-mx.com\/technology\/on-site-lighting\/#primaryimage\"},\"image\":{\"@id\":\"https:\/\/info.encore-mx.com\/technology\/on-site-lighting\/#primaryimage\"},\"thumbnailUrl\":\"https:\/\/cdn.encoreglobal.com\/wp-content\/uploads\/sites\/4\/2020\/09\/23185636\/IMG_0012-scaled-1.jpg\",\"datePublished\":\"2020-09-24T15:46:10+00:00\",\"dateModified\":\"2024-07-17T15:32:31+00:00\",\"description\":\"La iluminaci\u00f3n inteligente es fundamental para cada evento \u2013 desde peque\u00f1as reuniones hasta grandes conferencias, cenas de gala y exhibiciones interactivas.\",\"breadcrumb\":{\"@id\":\"https:\/\/info.encore-mx.com\/technology\/on-site-lighting\/#breadcrumb\"},\"inLanguage\":\"es\",\"potentialAction\":[{\"@type\":\"ReadAction\",\"target\":[\"https:\/\/info.encore-mx.com\/technology\/on-site-lighting\/\"]}]},{\"@type\":\"ImageObject\",\"inLanguage\":\"es\",\"@id\":\"https:\/\/info.encore-mx.com\/technology\/on-site-lighting\/#primaryimage\",\"url\":\"https:\/\/cdn.encoreglobal.com\/wp-content\/uploads\/sites\/4\/2020\/09\/23185636\/IMG_0012-scaled-1.jpg\",\"contentUrl\":\"https:\/\/cdn.encoreglobal.com\/wp-content\/uploads\/sites\/4\/2020\/09\/23185636\/IMG_0012-scaled-1.jpg\",\"width\":2560,\"height\":1707},{\"@type\":\"BreadcrumbList\",\"@id\":\"https:\/\/info.encore-mx.com\/technology\/on-site-lighting\/#breadcrumb\",\"itemListElement\":[{\"@type\":\"ListItem\",\"position\":1,\"name\":\"Home\",\"item\":\"https:\/\/info.encore-mx.com\/es\/\"},{\"@type\":\"ListItem\",\"position\":2,\"name\":\"Tecnolog\u00eda\",\"item\":\"https:\/\/info.encore-mx.com\/es\/tecnologia\/\"},{\"@type\":\"ListItem\",\"position\":3,\"name\":\"Iluminaci\u00f3n\"}]},{\"@type\":\"WebSite\",\"@id\":\"https:\/\/info.encore-mx.com\/#website\",\"url\":\"https:\/\/info.encore-mx.com\/\",\"name\":\"Encore Mexico\",\"description\":\"Events That Transform\",\"publisher\":{\"@id\":\"https:\/\/info.encore-mx.com\/#organization\"},\"potentialAction\":[{\"@type\":\"SearchAction\",\"target\":{\"@type\":\"EntryPoint\",\"urlTemplate\":\"https:\/\/info.encore-mx.com\/?s={search_term_string}\"},\"query-input\":{\"@type\":\"PropertyValueSpecification\",\"valueRequired\":true,\"valueName\":\"search_term_string\"}}],\"inLanguage\":\"es\"},{\"@type\":\"Organization\",\"@id\":\"https:\/\/info.encore-mx.com\/#organization\",\"name\":\"Encore Mexico\",\"url\":\"https:\/\/info.encore-mx.com\/\",\"logo\":{\"@type\":\"ImageObject\",\"inLanguage\":\"es\",\"@id\":\"https:\/\/info.encore-mx.com\/#\/schema\/logo\/image\/\",\"url\":\"https:\/\/cdn.encoreglobal.com\/wp-content\/uploads\/sites\/4\/2020\/08\/05172619\/Encore-Logo_Horiz.png\",\"contentUrl\":\"https:\/\/cdn.encoreglobal.com\/wp-content\/uploads\/sites\/4\/2020\/08\/05172619\/Encore-Logo_Horiz.png\",\"width\":1523,\"height\":476,\"caption\":\"Encore Mexico\"},\"image\":{\"@id\":\"https:\/\/info.encore-mx.com\/#\/schema\/logo\/image\/\"}}]}<\/script>\n<!-- \/ Yoast SEO Premium plugin. -->","yoast_head_json":{"title":"Iluminaci\u00f3n | Tecnolog\u00eda | On Site | Encore Mexico","description":"La iluminaci\u00f3n inteligente es fundamental para cada evento \u2013 desde peque\u00f1as reuniones hasta grandes conferencias, cenas de gala y exhibiciones interactivas.","robots":{"index":"noindex","follow":"follow","max-snippet":"max-snippet:-1","max-image-preview":"max-image-preview:large","max-video-preview":"max-video-preview:-1"},"og_locale":"es_ES","og_type":"article","og_title":"Iluminaci\u00f3n","og_description":"La iluminaci\u00f3n inteligente es fundamental para cada evento \u2013 desde peque\u00f1as reuniones hasta grandes conferencias, cenas de gala y exhibiciones interactivas.","og_url":"https:\/\/info.encore-mx.com\/technology\/on-site-lighting\/","og_site_name":"Encore Mexico","article_modified_time":"2024-07-17T15:32:31+00:00","og_image":[{"width":2560,"height":1707,"url":"http:\/\/cdn.encoreglobal.com\/wp-content\/uploads\/sites\/4\/2020\/09\/23185636\/IMG_0012-scaled-1.jpg","type":"image\/jpeg"}],"twitter_card":"summary_large_image","twitter_misc":{"Tiempo de lectura":"1 minuto"},"schema":{"@context":"https:\/\/schema.org","@graph":[{"@type":"WebPage","@id":"https:\/\/info.encore-mx.com\/technology\/on-site-lighting\/","url":"https:\/\/info.encore-mx.com\/technology\/on-site-lighting\/","name":"Iluminaci\u00f3n | Tecnolog\u00eda | On Site | Encore Mexico","isPartOf":{"@id":"https:\/\/info.encore-mx.com\/#website"},"primaryImageOfPage":{"@id":"https:\/\/info.encore-mx.com\/technology\/on-site-lighting\/#primaryimage"},"image":{"@id":"https:\/\/info.encore-mx.com\/technology\/on-site-lighting\/#primaryimage"},"thumbnailUrl":"https:\/\/cdn.encoreglobal.com\/wp-content\/uploads\/sites\/4\/2020\/09\/23185636\/IMG_0012-scaled-1.jpg","datePublished":"2020-09-24T15:46:10+00:00","dateModified":"2024-07-17T15:32:31+00:00","description":"La iluminaci\u00f3n inteligente es fundamental para cada evento \u2013 desde peque\u00f1as reuniones hasta grandes conferencias, cenas de gala y exhibiciones interactivas.","breadcrumb":{"@id":"https:\/\/info.encore-mx.com\/technology\/on-site-lighting\/#breadcrumb"},"inLanguage":"es","potentialAction":[{"@type":"ReadAction","target":["https:\/\/info.encore-mx.com\/technology\/on-site-lighting\/"]}]},{"@type":"ImageObject","inLanguage":"es","@id":"https:\/\/info.encore-mx.com\/technology\/on-site-lighting\/#primaryimage","url":"https:\/\/cdn.encoreglobal.com\/wp-content\/uploads\/sites\/4\/2020\/09\/23185636\/IMG_0012-scaled-1.jpg","contentUrl":"https:\/\/cdn.encoreglobal.com\/wp-content\/uploads\/sites\/4\/2020\/09\/23185636\/IMG_0012-scaled-1.jpg","width":2560,"height":1707},{"@type":"BreadcrumbList","@id":"https:\/\/info.encore-mx.com\/technology\/on-site-lighting\/#breadcrumb","itemListElement":[{"@type":"ListItem","position":1,"name":"Home","item":"https:\/\/info.encore-mx.com\/es\/"},{"@type":"ListItem","position":2,"name":"Tecnolog\u00eda","item":"https:\/\/info.encore-mx.com\/es\/tecnologia\/"},{"@type":"ListItem","position":3,"name":"Iluminaci\u00f3n"}]},{"@type":"WebSite","@id":"https:\/\/info.encore-mx.com\/#website","url":"https:\/\/info.encore-mx.com\/","name":"Encore Mexico","description":"Events That Transform","publisher":{"@id":"https:\/\/info.encore-mx.com\/#organization"},"potentialAction":[{"@type":"SearchAction","target":{"@type":"EntryPoint","urlTemplate":"https:\/\/info.encore-mx.com\/?s={search_term_string}"},"query-input":{"@type":"PropertyValueSpecification","valueRequired":true,"valueName":"search_term_string"}}],"inLanguage":"es"},{"@type":"Organization","@id":"https:\/\/info.encore-mx.com\/#organization","name":"Encore Mexico","url":"https:\/\/info.encore-mx.com\/","logo":{"@type":"ImageObject","inLanguage":"es","@id":"https:\/\/info.encore-mx.com\/#\/schema\/logo\/image\/","url":"https:\/\/cdn.encoreglobal.com\/wp-content\/uploads\/sites\/4\/2020\/08\/05172619\/Encore-Logo_Horiz.png","contentUrl":"https:\/\/cdn.encoreglobal.com\/wp-content\/uploads\/sites\/4\/2020\/08\/05172619\/Encore-Logo_Horiz.png","width":1523,"height":476,"caption":"Encore Mexico"},"image":{"@id":"https:\/\/info.encore-mx.com\/#\/schema\/logo\/image\/"}}]}},"_links":{"self":[{"href":"https:\/\/info.encore-mx.com\/es\/wp-json\/wp\/v2\/pages\/3402","targetHints":{"allow":["GET"]}}],"collection":[{"href":"https:\/\/info.encore-mx.com\/es\/wp-json\/wp\/v2\/pages"}],"about":[{"href":"https:\/\/info.encore-mx.com\/es\/wp-json\/wp\/v2\/types\/page"}],"author":[{"embeddable":true,"href":"https:\/\/info.encore-mx.com\/es\/wp-json\/wp\/v2\/users\/6934"}],"replies":[{"embeddable":true,"href":"https:\/\/info.encore-mx.com\/es\/wp-json\/wp\/v2\/comments?post=3402"}],"version-history":[{"count":0,"href":"https:\/\/info.encore-mx.com\/es\/wp-json\/wp\/v2\/pages\/3402\/revisions"}],"up":[{"embeddable":true,"href":"https:\/\/info.encore-mx.com\/es\/wp-json\/wp\/v2\/pages\/3388"}],"wp:featuredmedia":[{"embeddable":true,"href":"https:\/\/info.encore-mx.com\/es\/wp-json\/wp\/v2\/media\/3051"}],"wp:attachment":[{"href":"https:\/\/info.encore-mx.com\/es\/wp-json\/wp\/v2\/media?parent=3402"}],"wp:term":[{"taxonomy":"post_tag","embeddable":true,"href":"https:\/\/info.encore-mx.com\/es\/wp-json\/wp\/v2\/tags?post=3402"}],"curies":[{"name":"wp","href":"https:\/\/api.w.org\/{rel}","templated":true}]}}