{"id":3442,"date":"2020-09-15T17:20:56","date_gmt":"2020-09-15T17:20:56","guid":{"rendered":"https:\/\/staging.encore-mx.com\/show-management\/"},"modified":"2023-11-14T05:51:18","modified_gmt":"2023-11-14T05:51:18","slug":"gestion-espectaculos","status":"publish","type":"page","link":"https:\/\/info.encore-mx.com\/es\/produccion\/gestion-espectaculos\/","title":{"rendered":"Gesti\u00f3n de Espect\u00e1culos"},"content":{"rendered":"\t\t<div data-elementor-type=\"wp-page\" data-elementor-id=\"3442\" class=\"elementor elementor-3442 elementor-2842\" data-elementor-post-type=\"page\">\n\t\t\t\t\t\t<section class=\"elementor-section elementor-top-section elementor-element elementor-element-7d01c0a0 elementor-section-stretched logo-bg left grey-border-bottom elementor-section-boxed elementor-section-height-default elementor-section-height-default\" data-id=\"7d01c0a0\" data-element_type=\"section\" data-settings=\"{&quot;stretch_section&quot;:&quot;section-stretched&quot;,&quot;background_background&quot;:&quot;classic&quot;}\">\n\t\t\t\t\t\t<div class=\"elementor-container elementor-column-gap-default\">\n\t\t\t\t\t<div class=\"elementor-column elementor-col-33 elementor-top-column elementor-element elementor-element-5459abc7\" data-id=\"5459abc7\" data-element_type=\"column\">\n\t\t\t<div class=\"elementor-widget-wrap elementor-element-populated\">\n\t\t\t\t\t\t<div class=\"elementor-element elementor-element-5f2220d5 elementor-widget elementor-widget-image\" data-id=\"5f2220d5\" data-element_type=\"widget\" data-widget_type=\"image.default\">\n\t\t\t\t<div class=\"elementor-widget-container\">\n\t\t\t\t\t\t\t\t\t\t\t\t\t\t\t\t<a href=\"https:\/\/encoreglobal.com\/app\/uploads\/sites\/4\/2020\/09\/chani-with-client.jpg\" data-elementor-open-lightbox=\"yes\" data-elementor-lightbox-title=\"chani-with-client.jpg\" data-e-action-hash=\"#elementor-action%3Aaction%3Dlightbox%26settings%3DeyJpZCI6MjgwNSwidXJsIjoiaHR0cHM6XC9cL2Nkbi5lbmNvcmVnbG9iYWwuY29tXC93cC1jb250ZW50XC91cGxvYWRzXC9zaXRlc1wvNFwvMjAyMFwvMDlcLzE1MDM1MzEwXC9jaGFuaS13aXRoLWNsaWVudC5qcGcifQ%3D%3D\">\n\t\t\t\t\t\t\t<img fetchpriority=\"high\" decoding=\"async\" width=\"1600\" height=\"1067\" src=\"https:\/\/cdn.encoreglobal.com\/wp-content\/uploads\/sites\/4\/2020\/09\/15035310\/chani-with-client.jpg\" class=\"attachment-full size-full wp-image-2805\" alt=\"\" srcset=\"https:\/\/cdn.encoreglobal.com\/wp-content\/uploads\/sites\/4\/2020\/09\/15035310\/chani-with-client.jpg 1600w, https:\/\/cdn.encoreglobal.com\/wp-content\/uploads\/sites\/4\/2020\/09\/15035310\/chani-with-client-300x200.jpg 300w, https:\/\/cdn.encoreglobal.com\/wp-content\/uploads\/sites\/4\/2020\/09\/15035310\/chani-with-client-1024x683.jpg 1024w, https:\/\/cdn.encoreglobal.com\/wp-content\/uploads\/sites\/4\/2020\/09\/15035310\/chani-with-client-768x512.jpg 768w, https:\/\/cdn.encoreglobal.com\/wp-content\/uploads\/sites\/4\/2020\/09\/15035310\/chani-with-client-1536x1024.jpg 1536w\" sizes=\"(max-width: 1600px) 100vw, 1600px\" \/>\t\t\t\t\t\t\t\t<\/a>\n\t\t\t\t\t\t\t\t\t\t\t\t\t\t\t<\/div>\n\t\t\t\t<\/div>\n\t\t\t\t\t<\/div>\n\t\t<\/div>\n\t\t\t\t<div class=\"elementor-column elementor-col-66 elementor-top-column elementor-element elementor-element-720c915e\" data-id=\"720c915e\" data-element_type=\"column\">\n\t\t\t<div class=\"elementor-widget-wrap elementor-element-populated\">\n\t\t\t\t\t\t<div class=\"elementor-element elementor-element-37e8f3e8 elementor-widget elementor-widget-text-editor\" data-id=\"37e8f3e8\" data-element_type=\"widget\" data-widget_type=\"text-editor.default\">\n\t\t\t\t<div class=\"elementor-widget-container\">\n\t\t\t\t\t\t\t\t\t<h2>Gesti\u00f3n de Espect\u00e1culos<\/h2>\nLas habilidades especializadas de Encore en la gesti\u00f3n t\u00e9cnica de la producci\u00f3n de eventos, significa que somos capaces de brindarte un punto de contacto que supervisar\u00e1 la gesti\u00f3n del espect\u00e1culo y trabajar\u00e1 con usted a cada paso.  \n\nUtiliza Encore como tu \u00fanico recurso de producci\u00f3n de espect\u00e1culos para asegurar una experiencia sin errores para ti, tus presentadores y tu audiencia incluyendo:\n<ul>\n \t<li style=\"list-style-type: none\">\n<ul>\n \t<li>Gesti\u00f3n de la producci\u00f3n en todos los aspectos del evento, desde el brief hasta la ejecuci\u00f3n.<\/li>\n \t<li>Colaborando con productores de eventos, dise\u00f1adores y socios de eventos.<\/li>\n \t<li>Gesti\u00f3n del d\u00eda del evento incluyendo producci\u00f3n de la bit\u00e1cora del evento, gesti\u00f3n del escenario y la convocatoria.<\/li>\n \t<li>Enlace con proveedores, recintos y gesti\u00f3n de log\u00edstica.<\/li>\n \t<li>Gesti\u00f3n completa del talento desde cl\u00e1usulas del contrato hasta requisitos t\u00e9cnicos y ensayos.<\/li>\n \t<li>Dise\u00f1o, suministro, gesti\u00f3n y operaci\u00f3n de los elementos t\u00e9cnicos como audiovisuales, iluminaci\u00f3n, escenograf\u00eda, rigging y m\u00e1s.<\/li>\n<\/ul>\n<\/li>\n<\/ul>\t\t\t\t\t\t\t\t<\/div>\n\t\t\t\t<\/div>\n\t\t\t\t\t<\/div>\n\t\t<\/div>\n\t\t\t\t\t<\/div>\n\t\t<\/section>\n\t\t\t\t<section class=\"elementor-section elementor-top-section elementor-element elementor-element-3929f645 elementor-section-boxed elementor-section-height-default elementor-section-height-default\" data-id=\"3929f645\" data-element_type=\"section\">\n\t\t\t\t\t\t<div class=\"elementor-container elementor-column-gap-default\">\n\t\t\t\t\t<div class=\"elementor-column elementor-col-100 elementor-top-column elementor-element elementor-element-4526e738\" data-id=\"4526e738\" data-element_type=\"column\">\n\t\t\t<div class=\"elementor-widget-wrap elementor-element-populated\">\n\t\t\t\t\t\t<div class=\"elementor-element elementor-element-329e24a6 elementor-widget elementor-widget-spacer\" data-id=\"329e24a6\" data-element_type=\"widget\" data-widget_type=\"spacer.default\">\n\t\t\t\t<div class=\"elementor-widget-container\">\n\t\t\t\t\t\t\t<div class=\"elementor-spacer\">\n\t\t\t<div class=\"elementor-spacer-inner\"><\/div>\n\t\t<\/div>\n\t\t\t\t\t\t<\/div>\n\t\t\t\t<\/div>\n\t\t\t\t\t<\/div>\n\t\t<\/div>\n\t\t\t\t\t<\/div>\n\t\t<\/section>\n\t\t\t\t<section class=\"elementor-section elementor-top-section elementor-element elementor-element-7b687420 elementor-section-boxed elementor-section-height-default elementor-section-height-default\" data-id=\"7b687420\" data-element_type=\"section\">\n\t\t\t\t\t\t<div class=\"elementor-container elementor-column-gap-default\">\n\t\t\t\t\t<div class=\"elementor-column elementor-col-100 elementor-top-column elementor-element elementor-element-320c80a2\" data-id=\"320c80a2\" data-element_type=\"column\">\n\t\t\t<div class=\"elementor-widget-wrap elementor-element-populated\">\n\t\t\t\t\t\t<div class=\"elementor-element elementor-element-7f6280b7 elementor-widget elementor-widget-spacer\" data-id=\"7f6280b7\" data-element_type=\"widget\" data-widget_type=\"spacer.default\">\n\t\t\t\t<div class=\"elementor-widget-container\">\n\t\t\t\t\t\t\t<div class=\"elementor-spacer\">\n\t\t\t<div class=\"elementor-spacer-inner\"><\/div>\n\t\t<\/div>\n\t\t\t\t\t\t<\/div>\n\t\t\t\t<\/div>\n\t\t\t\t\t<\/div>\n\t\t<\/div>\n\t\t\t\t\t<\/div>\n\t\t<\/section>\n\t\t\t\t<section class=\"elementor-section elementor-top-section elementor-element elementor-element-456a784 elementor-section-stretched elementor-section-boxed elementor-section-height-default elementor-section-height-default\" data-id=\"456a784\" data-element_type=\"section\" data-settings=\"{&quot;stretch_section&quot;:&quot;section-stretched&quot;,&quot;background_background&quot;:&quot;slideshow&quot;,&quot;background_slideshow_gallery&quot;:[{&quot;id&quot;:&quot;8994&quot;,&quot;url&quot;:&quot;https:\\\/\\\/www.encoreglobal.com\\\/app\\\/uploads\\\/sites\\\/4\\\/2020\\\/12\\\/DSC_7195.jpg&quot;}],&quot;background_slideshow_loop&quot;:&quot;yes&quot;,&quot;background_slideshow_slide_duration&quot;:5000,&quot;background_slideshow_slide_transition&quot;:&quot;fade&quot;,&quot;background_slideshow_transition_duration&quot;:500}\">\n\t\t\t\t\t\t\t<div class=\"elementor-background-overlay\"><\/div>\n\t\t\t\t\t\t\t<div class=\"elementor-container elementor-column-gap-default\">\n\t\t\t\t\t<div class=\"elementor-column elementor-col-50 elementor-top-column elementor-element elementor-element-6a69fe42\" data-id=\"6a69fe42\" data-element_type=\"column\">\n\t\t\t<div class=\"elementor-widget-wrap elementor-element-populated\">\n\t\t\t\t\t\t<div class=\"elementor-element elementor-element-391fdd0c elementor-widget elementor-widget-text-editor\" data-id=\"391fdd0c\" data-element_type=\"widget\" data-widget_type=\"text-editor.default\">\n\t\t\t\t<div class=\"elementor-widget-container\">\n\t\t\t\t\t\t\t\t\t<h2 style=\"font-size: 2.25em\"><a href=\"https:\/\/encore-mx.com\/es\/global-locator\/\" style=\"color: #fff !important\">Global Locator<\/a><\/h2>\n\nPara ponerse en contacto con una sede de Encore, visite nuestra p\u00e1gina de <span style=\"color: #ffffff\"><a style=\"color: #ffffff\" href=\"https:\/\/staging.encoreglobal.com\/global-locator\/\"><strong>Global Locator<\/strong><\/a> <\/span>. Filtre por tipo de lugar, pa\u00eds, ciudad y marca del lugar. Los miembros de nuestro equipo lo guiar\u00e1n a trav\u00e9s de las soluciones m\u00e1s adecuadas para su tipo de evento.\t\t\t\t\t\t\t\t<\/div>\n\t\t\t\t<\/div>\n\t\t\t\t\t<\/div>\n\t\t<\/div>\n\t\t\t\t<div class=\"elementor-column elementor-col-50 elementor-top-column elementor-element elementor-element-5a2c9185\" data-id=\"5a2c9185\" data-element_type=\"column\">\n\t\t\t<div class=\"elementor-widget-wrap\">\n\t\t\t\t\t\t\t<\/div>\n\t\t<\/div>\n\t\t\t\t\t<\/div>\n\t\t<\/section>\n\t\t\t\t<section class=\"elementor-section elementor-top-section elementor-element elementor-element-9432798 elementor-section-boxed elementor-section-height-default elementor-section-height-default\" data-id=\"9432798\" data-element_type=\"section\">\n\t\t\t\t\t\t<div class=\"elementor-container elementor-column-gap-default\">\n\t\t\t\t\t<div class=\"elementor-column elementor-col-100 elementor-top-column elementor-element elementor-element-f109b43\" data-id=\"f109b43\" data-element_type=\"column\">\n\t\t\t<div class=\"elementor-widget-wrap elementor-element-populated\">\n\t\t\t\t\t\t<div class=\"elementor-element elementor-element-e326df7 elementor-widget elementor-widget-text-editor\" data-id=\"e326df7\" data-element_type=\"widget\" data-widget_type=\"text-editor.default\">\n\t\t\t\t<div class=\"elementor-widget-container\">\n\t\t\t\t\t\t\t\t\t<div class=\"elementor-element elementor-element-2bf65b02 elementor-widget elementor-widget-heading\" data-id=\"2bf65b02\"><div class=\"elementor-widget-container\"><h2 class=\"elementor-heading-title elementor-size-default\" style=\"text-align: center\">Hablemos de tus necesidades de experiencia en eventos.<\/h2><\/div><\/div><div class=\"elementor-element elementor-element-2133247d elementor-widget elementor-widget-text-editor\" data-id=\"2133247d\"><div class=\"elementor-widget-container\"><div class=\"elementor-text-editor elementor-clearfix\"><h4 class=\"p1\" style=\"text-align: center\"><strong>\u00a1Ll\u00e1manos al <a href=\"tel:521554448\u00a03602\">+52\u00a01\u00a055\u00a04448\u00a03602<\/a> o completa el formulario a continuaci\u00f3n para comenzar!<\/strong><\/h4><p class=\"p1\" style=\"text-align: center\">Para ponerte en contacto con un lugar espec\u00edfico, procede a trav\u00e9s de <a href=\"https:\/\/staging.encoreglobal.com\/locations\/\"><strong>Global Locator.<\/strong> <\/a>Esto te permitir\u00e1 ponerte en contacto con el equipo del lugar para ayudarte con tus necesidades de experiencia en el evento.<\/p><p class=\"p1\" style=\"text-align: center\">Para consultas generales sobre eventos, contin\u00faa completando el formulario<\/p><p style=\"text-align: center\"><span class=\"nanospell-typo\">\u00a0<\/span><\/p><\/div><\/div><\/div>\t\t\t\t\t\t\t\t<\/div>\n\t\t\t\t<\/div>\n\t\t\t\t\t<\/div>\n\t\t<\/div>\n\t\t\t\t\t<\/div>\n\t\t<\/section>\n\t\t\t\t<section class=\"elementor-section elementor-top-section elementor-element elementor-element-6b0ebcd elementor-section-boxed elementor-section-height-default elementor-section-height-default\" data-id=\"6b0ebcd\" data-element_type=\"section\">\n\t\t\t\t\t\t<div class=\"elementor-container elementor-column-gap-default\">\n\t\t\t\t\t<div class=\"elementor-column elementor-col-100 elementor-top-column elementor-element elementor-element-b524c58\" data-id=\"b524c58\" data-element_type=\"column\">\n\t\t\t<div class=\"elementor-widget-wrap elementor-element-populated\">\n\t\t\t\t\t\t<div class=\"elementor-element elementor-element-28995fb elementor-align-center encore-utm-lightbox elementor-widget elementor-widget-button\" data-id=\"28995fb\" data-element_type=\"widget\" data-widget_type=\"button.default\">\n\t\t\t\t<div class=\"elementor-widget-container\">\n\t\t\t\t\t\t\t\t\t<div class=\"elementor-button-wrapper\">\n\t\t\t\t\t<a class=\"elementor-button elementor-button-link elementor-size-sm\" href=\"https:\/\/create.encore-mx.com\/mxsContact\" data-width=\"800\">\n\t\t\t\t\t\t<span class=\"elementor-button-content-wrapper\">\n\t\t\t\t\t\t\t\t\t<span class=\"elementor-button-text\">Cont\u00e1ctanos<\/span>\n\t\t\t\t\t<\/span>\n\t\t\t\t\t<\/a>\n\t\t\t\t<\/div>\n\t\t\t\t\t\t\t\t<\/div>\n\t\t\t\t<\/div>\n\t\t\t\t\t<\/div>\n\t\t<\/div>\n\t\t\t\t\t<\/div>\n\t\t<\/section>\n\t\t\t\t<\/div>\n\t\t","protected":false},"excerpt":{"rendered":"<p>Gesti\u00f3n de Espect\u00e1culos Las habilidades especializadas de Encore en la gesti\u00f3n t\u00e9cnica de la producci\u00f3n de eventos, significa que somos capaces de brindarte un punto de contacto que supervisar\u00e1 la gesti\u00f3n del espect\u00e1culo y trabajar\u00e1 con usted a cada paso. Utiliza Encore como tu \u00fanico recurso de producci\u00f3n de espect\u00e1culos para asegurar una experiencia sin &#8230; <a href=\"https:\/\/info.encore-mx.com\/es\/produccion\/gestion-espectaculos\/\">CONOCE M\u00c1S<\/a><\/p>\n","protected":false},"author":45,"featured_media":0,"parent":3445,"menu_order":0,"comment_status":"closed","ping_status":"closed","template":"","meta":{"footnotes":""},"tags":[],"class_list":["post-3442","page","type-page","status-publish","hentry"],"yoast_head":"<!-- This site is optimized with the Yoast SEO Premium plugin v25.4 (Yoast SEO v25.4) - https:\/\/yoast.com\/wordpress\/plugins\/seo\/ -->\n<title>Gesti\u00f3n de Espect\u00e1culos - Event Management | Encore Mexico<\/title>\n<meta name=\"description\" content=\"Gesti\u00f3n de Espect\u00e1culos Las habilidades especializadas de Encore en la gesti\u00f3n t\u00e9cnica de la producci\u00f3n de eventos, significa que somos capaces de\" \/>\n<meta name=\"robots\" content=\"noindex, follow, max-snippet:-1, max-image-preview:large, max-video-preview:-1\" \/>\n<meta property=\"og:locale\" content=\"es_ES\" \/>\n<meta property=\"og:type\" content=\"article\" \/>\n<meta property=\"og:title\" content=\"Gesti\u00f3n de Espect\u00e1culos\" \/>\n<meta property=\"og:description\" content=\"Gesti\u00f3n de Espect\u00e1culos Las habilidades especializadas de Encore en la gesti\u00f3n t\u00e9cnica de la producci\u00f3n de eventos, significa que somos capaces de\" \/>\n<meta property=\"og:url\" content=\"https:\/\/info.encore-mx.com\/es\/produccion\/gestion-espectaculos\/\" \/>\n<meta property=\"og:site_name\" content=\"Encore Mexico\" \/>\n<meta property=\"article:modified_time\" content=\"2023-11-14T05:51:18+00:00\" \/>\n<meta property=\"og:image\" content=\"https:\/\/www.encoreglobal.com\/app\/uploads\/sites\/4\/2020\/09\/chani-with-client.jpg\" \/>\n<meta name=\"twitter:card\" content=\"summary_large_image\" \/>\n<meta name=\"twitter:label1\" content=\"Tiempo de lectura\" \/>\n\t<meta name=\"twitter:data1\" content=\"2 minutos\" \/>\n<script type=\"application\/ld+json\" class=\"yoast-schema-graph\">{\"@context\":\"https:\/\/schema.org\",\"@graph\":[{\"@type\":\"WebPage\",\"@id\":\"https:\/\/info.encore-mx.com\/es\/produccion\/gestion-espectaculos\/\",\"url\":\"https:\/\/info.encore-mx.com\/es\/produccion\/gestion-espectaculos\/\",\"name\":\"Gesti\u00f3n de Espect\u00e1culos - Event Management | Encore Mexico\",\"isPartOf\":{\"@id\":\"https:\/\/info.encore-mx.com\/#website\"},\"primaryImageOfPage\":{\"@id\":\"https:\/\/info.encore-mx.com\/es\/produccion\/gestion-espectaculos\/#primaryimage\"},\"image\":{\"@id\":\"https:\/\/info.encore-mx.com\/es\/produccion\/gestion-espectaculos\/#primaryimage\"},\"thumbnailUrl\":\"https:\/\/www.encoreglobal.com\/app\/uploads\/sites\/4\/2020\/09\/chani-with-client.jpg\",\"datePublished\":\"2020-09-15T17:20:56+00:00\",\"dateModified\":\"2023-11-14T05:51:18+00:00\",\"description\":\"Gesti\u00f3n de Espect\u00e1culos Las habilidades especializadas de Encore en la gesti\u00f3n t\u00e9cnica de la producci\u00f3n de eventos, significa que somos capaces de\",\"breadcrumb\":{\"@id\":\"https:\/\/info.encore-mx.com\/es\/produccion\/gestion-espectaculos\/#breadcrumb\"},\"inLanguage\":\"es\",\"potentialAction\":[{\"@type\":\"ReadAction\",\"target\":[\"https:\/\/info.encore-mx.com\/es\/produccion\/gestion-espectaculos\/\"]}]},{\"@type\":\"ImageObject\",\"inLanguage\":\"es\",\"@id\":\"https:\/\/info.encore-mx.com\/es\/produccion\/gestion-espectaculos\/#primaryimage\",\"url\":\"https:\/\/www.encoreglobal.com\/app\/uploads\/sites\/4\/2020\/09\/chani-with-client.jpg\",\"contentUrl\":\"https:\/\/www.encoreglobal.com\/app\/uploads\/sites\/4\/2020\/09\/chani-with-client.jpg\"},{\"@type\":\"BreadcrumbList\",\"@id\":\"https:\/\/info.encore-mx.com\/es\/produccion\/gestion-espectaculos\/#breadcrumb\",\"itemListElement\":[{\"@type\":\"ListItem\",\"position\":1,\"name\":\"Home\",\"item\":\"https:\/\/info.encore-mx.com\/es\/\"},{\"@type\":\"ListItem\",\"position\":2,\"name\":\"Producci\u00f3n\",\"item\":\"https:\/\/info.encore-mx.com\/es\/produccion\/\"},{\"@type\":\"ListItem\",\"position\":3,\"name\":\"Gesti\u00f3n de Espect\u00e1culos\"}]},{\"@type\":\"WebSite\",\"@id\":\"https:\/\/info.encore-mx.com\/#website\",\"url\":\"https:\/\/info.encore-mx.com\/\",\"name\":\"Encore Mexico\",\"description\":\"Events That Transform\",\"publisher\":{\"@id\":\"https:\/\/info.encore-mx.com\/#organization\"},\"potentialAction\":[{\"@type\":\"SearchAction\",\"target\":{\"@type\":\"EntryPoint\",\"urlTemplate\":\"https:\/\/info.encore-mx.com\/?s={search_term_string}\"},\"query-input\":{\"@type\":\"PropertyValueSpecification\",\"valueRequired\":true,\"valueName\":\"search_term_string\"}}],\"inLanguage\":\"es\"},{\"@type\":\"Organization\",\"@id\":\"https:\/\/info.encore-mx.com\/#organization\",\"name\":\"Encore Mexico\",\"url\":\"https:\/\/info.encore-mx.com\/\",\"logo\":{\"@type\":\"ImageObject\",\"inLanguage\":\"es\",\"@id\":\"https:\/\/info.encore-mx.com\/#\/schema\/logo\/image\/\",\"url\":\"https:\/\/cdn.encoreglobal.com\/wp-content\/uploads\/sites\/4\/2020\/08\/05172619\/Encore-Logo_Horiz.png\",\"contentUrl\":\"https:\/\/cdn.encoreglobal.com\/wp-content\/uploads\/sites\/4\/2020\/08\/05172619\/Encore-Logo_Horiz.png\",\"width\":1523,\"height\":476,\"caption\":\"Encore Mexico\"},\"image\":{\"@id\":\"https:\/\/info.encore-mx.com\/#\/schema\/logo\/image\/\"}}]}<\/script>\n<!-- \/ Yoast SEO Premium plugin. -->","yoast_head_json":{"title":"Gesti\u00f3n de Espect\u00e1culos - Event Management | Encore Mexico","description":"Gesti\u00f3n de Espect\u00e1culos Las habilidades especializadas de Encore en la gesti\u00f3n t\u00e9cnica de la producci\u00f3n de eventos, significa que somos capaces de","robots":{"index":"noindex","follow":"follow","max-snippet":"max-snippet:-1","max-image-preview":"max-image-preview:large","max-video-preview":"max-video-preview:-1"},"og_locale":"es_ES","og_type":"article","og_title":"Gesti\u00f3n de Espect\u00e1culos","og_description":"Gesti\u00f3n de Espect\u00e1culos Las habilidades especializadas de Encore en la gesti\u00f3n t\u00e9cnica de la producci\u00f3n de eventos, significa que somos capaces de","og_url":"https:\/\/info.encore-mx.com\/es\/produccion\/gestion-espectaculos\/","og_site_name":"Encore Mexico","article_modified_time":"2023-11-14T05:51:18+00:00","og_image":[{"url":"https:\/\/www.encoreglobal.com\/app\/uploads\/sites\/4\/2020\/09\/chani-with-client.jpg","type":"","width":"","height":""}],"twitter_card":"summary_large_image","twitter_misc":{"Tiempo de lectura":"2 minutos"},"schema":{"@context":"https:\/\/schema.org","@graph":[{"@type":"WebPage","@id":"https:\/\/info.encore-mx.com\/es\/produccion\/gestion-espectaculos\/","url":"https:\/\/info.encore-mx.com\/es\/produccion\/gestion-espectaculos\/","name":"Gesti\u00f3n de Espect\u00e1culos - Event Management | Encore Mexico","isPartOf":{"@id":"https:\/\/info.encore-mx.com\/#website"},"primaryImageOfPage":{"@id":"https:\/\/info.encore-mx.com\/es\/produccion\/gestion-espectaculos\/#primaryimage"},"image":{"@id":"https:\/\/info.encore-mx.com\/es\/produccion\/gestion-espectaculos\/#primaryimage"},"thumbnailUrl":"https:\/\/www.encoreglobal.com\/app\/uploads\/sites\/4\/2020\/09\/chani-with-client.jpg","datePublished":"2020-09-15T17:20:56+00:00","dateModified":"2023-11-14T05:51:18+00:00","description":"Gesti\u00f3n de Espect\u00e1culos Las habilidades especializadas de Encore en la gesti\u00f3n t\u00e9cnica de la producci\u00f3n de eventos, significa que somos capaces de","breadcrumb":{"@id":"https:\/\/info.encore-mx.com\/es\/produccion\/gestion-espectaculos\/#breadcrumb"},"inLanguage":"es","potentialAction":[{"@type":"ReadAction","target":["https:\/\/info.encore-mx.com\/es\/produccion\/gestion-espectaculos\/"]}]},{"@type":"ImageObject","inLanguage":"es","@id":"https:\/\/info.encore-mx.com\/es\/produccion\/gestion-espectaculos\/#primaryimage","url":"https:\/\/www.encoreglobal.com\/app\/uploads\/sites\/4\/2020\/09\/chani-with-client.jpg","contentUrl":"https:\/\/www.encoreglobal.com\/app\/uploads\/sites\/4\/2020\/09\/chani-with-client.jpg"},{"@type":"BreadcrumbList","@id":"https:\/\/info.encore-mx.com\/es\/produccion\/gestion-espectaculos\/#breadcrumb","itemListElement":[{"@type":"ListItem","position":1,"name":"Home","item":"https:\/\/info.encore-mx.com\/es\/"},{"@type":"ListItem","position":2,"name":"Producci\u00f3n","item":"https:\/\/info.encore-mx.com\/es\/produccion\/"},{"@type":"ListItem","position":3,"name":"Gesti\u00f3n de Espect\u00e1culos"}]},{"@type":"WebSite","@id":"https:\/\/info.encore-mx.com\/#website","url":"https:\/\/info.encore-mx.com\/","name":"Encore Mexico","description":"Events That Transform","publisher":{"@id":"https:\/\/info.encore-mx.com\/#organization"},"potentialAction":[{"@type":"SearchAction","target":{"@type":"EntryPoint","urlTemplate":"https:\/\/info.encore-mx.com\/?s={search_term_string}"},"query-input":{"@type":"PropertyValueSpecification","valueRequired":true,"valueName":"search_term_string"}}],"inLanguage":"es"},{"@type":"Organization","@id":"https:\/\/info.encore-mx.com\/#organization","name":"Encore Mexico","url":"https:\/\/info.encore-mx.com\/","logo":{"@type":"ImageObject","inLanguage":"es","@id":"https:\/\/info.encore-mx.com\/#\/schema\/logo\/image\/","url":"https:\/\/cdn.encoreglobal.com\/wp-content\/uploads\/sites\/4\/2020\/08\/05172619\/Encore-Logo_Horiz.png","contentUrl":"https:\/\/cdn.encoreglobal.com\/wp-content\/uploads\/sites\/4\/2020\/08\/05172619\/Encore-Logo_Horiz.png","width":1523,"height":476,"caption":"Encore Mexico"},"image":{"@id":"https:\/\/info.encore-mx.com\/#\/schema\/logo\/image\/"}}]}},"_links":{"self":[{"href":"https:\/\/info.encore-mx.com\/es\/wp-json\/wp\/v2\/pages\/3442","targetHints":{"allow":["GET"]}}],"collection":[{"href":"https:\/\/info.encore-mx.com\/es\/wp-json\/wp\/v2\/pages"}],"about":[{"href":"https:\/\/info.encore-mx.com\/es\/wp-json\/wp\/v2\/types\/page"}],"author":[{"embeddable":true,"href":"https:\/\/info.encore-mx.com\/es\/wp-json\/wp\/v2\/users\/45"}],"replies":[{"embeddable":true,"href":"https:\/\/info.encore-mx.com\/es\/wp-json\/wp\/v2\/comments?post=3442"}],"version-history":[{"count":0,"href":"https:\/\/info.encore-mx.com\/es\/wp-json\/wp\/v2\/pages\/3442\/revisions"}],"up":[{"embeddable":true,"href":"https:\/\/info.encore-mx.com\/es\/wp-json\/wp\/v2\/pages\/3445"}],"wp:attachment":[{"href":"https:\/\/info.encore-mx.com\/es\/wp-json\/wp\/v2\/media?parent=3442"}],"wp:term":[{"taxonomy":"post_tag","embeddable":true,"href":"https:\/\/info.encore-mx.com\/es\/wp-json\/wp\/v2\/tags?post=3442"}],"curies":[{"name":"wp","href":"https:\/\/api.w.org\/{rel}","templated":true}]}}