{"id":42135,"date":"2023-02-15T04:38:51","date_gmt":"2023-02-15T04:38:51","guid":{"rendered":"https:\/\/www.encore-mx.com\/?page_id=42135"},"modified":"2023-02-15T04:47:38","modified_gmt":"2023-02-15T04:47:38","slug":"working-at-encore","status":"publish","type":"page","link":"https:\/\/info.encore-mx.com\/es\/working-at-encore\/","title":{"rendered":"Trabaja en Encore"},"content":{"rendered":"\t\t<div data-elementor-type=\"wp-page\" data-elementor-id=\"42135\" class=\"elementor elementor-42135\" data-elementor-post-type=\"page\">\n\t\t\t\t\t\t<section class=\"elementor-section elementor-top-section elementor-element elementor-element-4759837d elementor-section-boxed elementor-section-height-default elementor-section-height-default\" data-id=\"4759837d\" data-element_type=\"section\">\n\t\t\t\t\t\t<div class=\"elementor-container elementor-column-gap-default\">\n\t\t\t\t\t<div class=\"elementor-column elementor-col-100 elementor-top-column elementor-element elementor-element-1e5a4fd1\" data-id=\"1e5a4fd1\" data-element_type=\"column\">\n\t\t\t<div class=\"elementor-widget-wrap elementor-element-populated\">\n\t\t\t\t\t\t<div class=\"elementor-element elementor-element-7c622661 elementor-widget elementor-widget-heading\" data-id=\"7c622661\" data-element_type=\"widget\" data-widget_type=\"heading.default\">\n\t\t\t\t<div class=\"elementor-widget-container\">\n\t\t\t\t\t<h2 class=\"elementor-heading-title elementor-size-default\">Enf\u00f3cate en TI <\/h2>\t\t\t\t<\/div>\n\t\t\t\t<\/div>\n\t\t\t\t\t<\/div>\n\t\t<\/div>\n\t\t\t\t\t<\/div>\n\t\t<\/section>\n\t\t\t\t<section class=\"elementor-section elementor-top-section elementor-element elementor-element-2d42a3c5 elementor-section-boxed elementor-section-height-default elementor-section-height-default\" data-id=\"2d42a3c5\" data-element_type=\"section\">\n\t\t\t\t\t\t<div class=\"elementor-container elementor-column-gap-default\">\n\t\t\t\t\t<div class=\"elementor-column elementor-col-100 elementor-top-column elementor-element elementor-element-42234f27\" data-id=\"42234f27\" data-element_type=\"column\">\n\t\t\t<div class=\"elementor-widget-wrap elementor-element-populated\">\n\t\t\t\t\t\t<div class=\"elementor-element elementor-element-1d14c97f elementor-widget elementor-widget-spacer\" data-id=\"1d14c97f\" data-element_type=\"widget\" data-widget_type=\"spacer.default\">\n\t\t\t\t<div class=\"elementor-widget-container\">\n\t\t\t\t\t\t\t<div class=\"elementor-spacer\">\n\t\t\t<div class=\"elementor-spacer-inner\"><\/div>\n\t\t<\/div>\n\t\t\t\t\t\t<\/div>\n\t\t\t\t<\/div>\n\t\t\t\t\t<\/div>\n\t\t<\/div>\n\t\t\t\t\t<\/div>\n\t\t<\/section>\n\t\t\t\t<section class=\"elementor-section elementor-top-section elementor-element elementor-element-1acd9a0f elementor-section-boxed elementor-section-height-default elementor-section-height-default\" data-id=\"1acd9a0f\" data-element_type=\"section\">\n\t\t\t\t\t\t<div class=\"elementor-container elementor-column-gap-default\">\n\t\t\t\t\t<div class=\"elementor-column elementor-col-50 elementor-top-column elementor-element elementor-element-79fefbd2\" data-id=\"79fefbd2\" data-element_type=\"column\">\n\t\t\t<div class=\"elementor-widget-wrap elementor-element-populated\">\n\t\t\t\t\t\t<div class=\"elementor-element elementor-element-14ca54c9 elementor-widget elementor-widget-image\" data-id=\"14ca54c9\" data-element_type=\"widget\" data-widget_type=\"image.default\">\n\t\t\t\t<div class=\"elementor-widget-container\">\n\t\t\t\t\t\t\t\t\t\t\t\t\t\t\t<img fetchpriority=\"high\" decoding=\"async\" width=\"300\" height=\"214\" src=\"https:\/\/cdn.encoreglobal.com\/wp-content\/uploads\/sites\/4\/2023\/02\/15044627\/working-at-encore-300x214.png\" class=\"attachment-medium size-medium wp-image-42150\" alt=\"\" srcset=\"https:\/\/cdn.encoreglobal.com\/wp-content\/uploads\/sites\/4\/2023\/02\/15044627\/working-at-encore-300x214.png 300w, https:\/\/cdn.encoreglobal.com\/wp-content\/uploads\/sites\/4\/2023\/02\/15044627\/working-at-encore.png 558w\" sizes=\"(max-width: 300px) 100vw, 300px\" \/>\t\t\t\t\t\t\t\t\t\t\t\t\t\t\t<\/div>\n\t\t\t\t<\/div>\n\t\t\t\t\t<\/div>\n\t\t<\/div>\n\t\t\t\t<div class=\"elementor-column elementor-col-50 elementor-top-column elementor-element elementor-element-e135c17\" data-id=\"e135c17\" data-element_type=\"column\">\n\t\t\t<div class=\"elementor-widget-wrap elementor-element-populated\">\n\t\t\t\t\t\t<div class=\"elementor-element elementor-element-2ed8a308 elementor-widget elementor-widget-text-editor\" data-id=\"2ed8a308\" data-element_type=\"widget\" data-widget_type=\"text-editor.default\">\n\t\t\t\t<div class=\"elementor-widget-container\">\n\t\t\t\t\t\t\t\t\t<p style=\"text-align: center\">\u00bfC\u00f3mo es ser parte del equipo de Encore? Cuando ayudas a crear soluciones de eventos \u00fanicos para clientes de todo el mundo, cada d\u00eda est\u00e1 lleno de desaf\u00edos nuevos y emocionantes. <br> <br>\nPuede ser cualquier cosa, desde lanzamientos de productos de producci\u00f3n completa hasta discursos presidenciales y convenciones corporativas anuales.<br> <br> Y en cada paso del camino, est\u00e1s rodeado de personas talentosas que lo respaldan: visionarios art\u00edsticos, gerentes meticulosos y magos t\u00e9cnicos. <br> <br>Las oportunidades aqu\u00ed, y la tecnolog\u00eda de punta a tu alcance, hacen que<strong> ir a trabajar<\/strong> sea inspirador.<\/p>\t\t\t\t\t\t\t\t<\/div>\n\t\t\t\t<\/div>\n\t\t\t\t\t<\/div>\n\t\t<\/div>\n\t\t\t\t\t<\/div>\n\t\t<\/section>\n\t\t\t\t<section class=\"elementor-section elementor-top-section elementor-element elementor-element-be39d14 elementor-section-boxed elementor-section-height-default elementor-section-height-default\" data-id=\"be39d14\" data-element_type=\"section\">\n\t\t\t\t\t\t<div class=\"elementor-container elementor-column-gap-default\">\n\t\t\t\t\t<div class=\"elementor-column elementor-col-100 elementor-top-column elementor-element elementor-element-512377c6\" data-id=\"512377c6\" data-element_type=\"column\">\n\t\t\t<div class=\"elementor-widget-wrap elementor-element-populated\">\n\t\t\t\t\t\t<div class=\"elementor-element elementor-element-1adc6080 elementor-widget elementor-widget-spacer\" data-id=\"1adc6080\" data-element_type=\"widget\" data-widget_type=\"spacer.default\">\n\t\t\t\t<div class=\"elementor-widget-container\">\n\t\t\t\t\t\t\t<div class=\"elementor-spacer\">\n\t\t\t<div class=\"elementor-spacer-inner\"><\/div>\n\t\t<\/div>\n\t\t\t\t\t\t<\/div>\n\t\t\t\t<\/div>\n\t\t\t\t\t<\/div>\n\t\t<\/div>\n\t\t\t\t\t<\/div>\n\t\t<\/section>\n\t\t\t\t<section class=\"elementor-section elementor-top-section elementor-element elementor-element-496a6159 elementor-section-boxed elementor-section-height-default elementor-section-height-default\" data-id=\"496a6159\" data-element_type=\"section\">\n\t\t\t\t\t\t<div class=\"elementor-container elementor-column-gap-default\">\n\t\t\t\t\t<div class=\"elementor-column elementor-col-100 elementor-top-column elementor-element elementor-element-5a68eae9\" data-id=\"5a68eae9\" data-element_type=\"column\">\n\t\t\t<div class=\"elementor-widget-wrap elementor-element-populated\">\n\t\t\t\t\t\t<div class=\"elementor-element elementor-element-2961a7a4 elementor-align-center elementor-widget elementor-widget-button\" data-id=\"2961a7a4\" data-element_type=\"widget\" data-widget_type=\"button.default\">\n\t\t\t\t<div class=\"elementor-widget-container\">\n\t\t\t\t\t\t\t\t\t<div class=\"elementor-button-wrapper\">\n\t\t\t\t\t<a class=\"elementor-button elementor-button-link elementor-size-xl\" href=\"https:\/\/empleos.encore-mx.com\/\">\n\t\t\t\t\t\t<span class=\"elementor-button-content-wrapper\">\n\t\t\t\t\t\t\t\t\t<span class=\"elementor-button-text\">LEE M\u00c1S SOBRE LAS OPORTUNIDADES<\/span>\n\t\t\t\t\t<\/span>\n\t\t\t\t\t<\/a>\n\t\t\t\t<\/div>\n\t\t\t\t\t\t\t\t<\/div>\n\t\t\t\t<\/div>\n\t\t\t\t\t<\/div>\n\t\t<\/div>\n\t\t\t\t\t<\/div>\n\t\t<\/section>\n\t\t\t\t<\/div>\n\t\t","protected":false},"excerpt":{"rendered":"<p>Enf\u00f3cate en TI \u00bfC\u00f3mo es ser parte del equipo de Encore? Cuando ayudas a crear soluciones de eventos \u00fanicos para clientes de todo el mundo, cada d\u00eda est\u00e1 lleno de desaf\u00edos nuevos y emocionantes. Puede ser cualquier cosa, desde lanzamientos de productos de producci\u00f3n completa hasta discursos presidenciales y convenciones corporativas anuales. Y en cada &#8230; <a href=\"https:\/\/info.encore-mx.com\/es\/working-at-encore\/\">CONOCE M\u00c1S<\/a><\/p>\n","protected":false},"author":6804,"featured_media":0,"parent":0,"menu_order":0,"comment_status":"closed","ping_status":"closed","template":"","meta":{"footnotes":""},"tags":[],"class_list":["post-42135","page","type-page","status-publish","hentry"],"yoast_head":"<!-- This site is optimized with the Yoast SEO Premium plugin v25.4 (Yoast SEO v25.4) - https:\/\/yoast.com\/wordpress\/plugins\/seo\/ -->\n<title>Trabaja en Encore - Event Management | Encore Mexico<\/title>\n<meta name=\"description\" content=\"Enf\u00f3cate en TI \u00bfC\u00f3mo es ser parte del equipo de Encore? Cuando ayudas a crear soluciones de eventos \u00fanicos para clientes de todo el mundo, cada d\u00eda est\u00e1\" \/>\n<meta name=\"robots\" content=\"noindex, follow, max-snippet:-1, max-image-preview:large, max-video-preview:-1\" \/>\n<meta property=\"og:locale\" content=\"es_ES\" \/>\n<meta property=\"og:type\" content=\"article\" \/>\n<meta property=\"og:title\" content=\"Trabaja en Encore\" \/>\n<meta property=\"og:description\" content=\"Enf\u00f3cate en TI \u00bfC\u00f3mo es ser parte del equipo de Encore? Cuando ayudas a crear soluciones de eventos \u00fanicos para clientes de todo el mundo, cada d\u00eda est\u00e1\" \/>\n<meta property=\"og:url\" content=\"https:\/\/info.encore-mx.com\/es\/working-at-encore\/\" \/>\n<meta property=\"og:site_name\" content=\"Encore Mexico\" \/>\n<meta property=\"article:modified_time\" content=\"2023-02-15T04:47:38+00:00\" \/>\n<meta property=\"og:image\" content=\"https:\/\/www.encoreglobal.com\/app\/uploads\/sites\/4\/2023\/02\/working-at-encore-300x214.png\" \/>\n<meta name=\"twitter:card\" content=\"summary_large_image\" \/>\n<meta name=\"twitter:label1\" content=\"Tiempo de lectura\" \/>\n\t<meta name=\"twitter:data1\" content=\"1 minuto\" \/>\n<script type=\"application\/ld+json\" class=\"yoast-schema-graph\">{\"@context\":\"https:\/\/schema.org\",\"@graph\":[{\"@type\":\"WebPage\",\"@id\":\"https:\/\/info.encore-mx.com\/es\/working-at-encore\/\",\"url\":\"https:\/\/info.encore-mx.com\/es\/working-at-encore\/\",\"name\":\"Trabaja en Encore - Event Management | Encore Mexico\",\"isPartOf\":{\"@id\":\"https:\/\/info.encore-mx.com\/#website\"},\"primaryImageOfPage\":{\"@id\":\"https:\/\/info.encore-mx.com\/es\/working-at-encore\/#primaryimage\"},\"image\":{\"@id\":\"https:\/\/info.encore-mx.com\/es\/working-at-encore\/#primaryimage\"},\"thumbnailUrl\":\"https:\/\/www.encoreglobal.com\/app\/uploads\/sites\/4\/2023\/02\/working-at-encore-300x214.png\",\"datePublished\":\"2023-02-15T04:38:51+00:00\",\"dateModified\":\"2023-02-15T04:47:38+00:00\",\"description\":\"Enf\u00f3cate en TI \u00bfC\u00f3mo es ser parte del equipo de Encore? Cuando ayudas a crear soluciones de eventos \u00fanicos para clientes de todo el mundo, cada d\u00eda est\u00e1\",\"breadcrumb\":{\"@id\":\"https:\/\/info.encore-mx.com\/es\/working-at-encore\/#breadcrumb\"},\"inLanguage\":\"es\",\"potentialAction\":[{\"@type\":\"ReadAction\",\"target\":[\"https:\/\/info.encore-mx.com\/es\/working-at-encore\/\"]}]},{\"@type\":\"ImageObject\",\"inLanguage\":\"es\",\"@id\":\"https:\/\/info.encore-mx.com\/es\/working-at-encore\/#primaryimage\",\"url\":\"https:\/\/www.encoreglobal.com\/app\/uploads\/sites\/4\/2023\/02\/working-at-encore-300x214.png\",\"contentUrl\":\"https:\/\/www.encoreglobal.com\/app\/uploads\/sites\/4\/2023\/02\/working-at-encore-300x214.png\"},{\"@type\":\"BreadcrumbList\",\"@id\":\"https:\/\/info.encore-mx.com\/es\/working-at-encore\/#breadcrumb\",\"itemListElement\":[{\"@type\":\"ListItem\",\"position\":1,\"name\":\"Home\",\"item\":\"https:\/\/info.encore-mx.com\/es\/\"},{\"@type\":\"ListItem\",\"position\":2,\"name\":\"Trabaja en Encore\"}]},{\"@type\":\"WebSite\",\"@id\":\"https:\/\/info.encore-mx.com\/#website\",\"url\":\"https:\/\/info.encore-mx.com\/\",\"name\":\"Encore Mexico\",\"description\":\"Events That Transform\",\"publisher\":{\"@id\":\"https:\/\/info.encore-mx.com\/#organization\"},\"potentialAction\":[{\"@type\":\"SearchAction\",\"target\":{\"@type\":\"EntryPoint\",\"urlTemplate\":\"https:\/\/info.encore-mx.com\/?s={search_term_string}\"},\"query-input\":{\"@type\":\"PropertyValueSpecification\",\"valueRequired\":true,\"valueName\":\"search_term_string\"}}],\"inLanguage\":\"es\"},{\"@type\":\"Organization\",\"@id\":\"https:\/\/info.encore-mx.com\/#organization\",\"name\":\"Encore Mexico\",\"url\":\"https:\/\/info.encore-mx.com\/\",\"logo\":{\"@type\":\"ImageObject\",\"inLanguage\":\"es\",\"@id\":\"https:\/\/info.encore-mx.com\/#\/schema\/logo\/image\/\",\"url\":\"https:\/\/cdn.encoreglobal.com\/wp-content\/uploads\/sites\/4\/2020\/08\/05172619\/Encore-Logo_Horiz.png\",\"contentUrl\":\"https:\/\/cdn.encoreglobal.com\/wp-content\/uploads\/sites\/4\/2020\/08\/05172619\/Encore-Logo_Horiz.png\",\"width\":1523,\"height\":476,\"caption\":\"Encore Mexico\"},\"image\":{\"@id\":\"https:\/\/info.encore-mx.com\/#\/schema\/logo\/image\/\"}}]}<\/script>\n<!-- \/ Yoast SEO Premium plugin. -->","yoast_head_json":{"title":"Trabaja en Encore - Event Management | Encore Mexico","description":"Enf\u00f3cate en TI \u00bfC\u00f3mo es ser parte del equipo de Encore? Cuando ayudas a crear soluciones de eventos \u00fanicos para clientes de todo el mundo, cada d\u00eda est\u00e1","robots":{"index":"noindex","follow":"follow","max-snippet":"max-snippet:-1","max-image-preview":"max-image-preview:large","max-video-preview":"max-video-preview:-1"},"og_locale":"es_ES","og_type":"article","og_title":"Trabaja en Encore","og_description":"Enf\u00f3cate en TI \u00bfC\u00f3mo es ser parte del equipo de Encore? Cuando ayudas a crear soluciones de eventos \u00fanicos para clientes de todo el mundo, cada d\u00eda est\u00e1","og_url":"https:\/\/info.encore-mx.com\/es\/working-at-encore\/","og_site_name":"Encore Mexico","article_modified_time":"2023-02-15T04:47:38+00:00","og_image":[{"url":"https:\/\/www.encoreglobal.com\/app\/uploads\/sites\/4\/2023\/02\/working-at-encore-300x214.png","type":"","width":"","height":""}],"twitter_card":"summary_large_image","twitter_misc":{"Tiempo de lectura":"1 minuto"},"schema":{"@context":"https:\/\/schema.org","@graph":[{"@type":"WebPage","@id":"https:\/\/info.encore-mx.com\/es\/working-at-encore\/","url":"https:\/\/info.encore-mx.com\/es\/working-at-encore\/","name":"Trabaja en Encore - Event Management | Encore Mexico","isPartOf":{"@id":"https:\/\/info.encore-mx.com\/#website"},"primaryImageOfPage":{"@id":"https:\/\/info.encore-mx.com\/es\/working-at-encore\/#primaryimage"},"image":{"@id":"https:\/\/info.encore-mx.com\/es\/working-at-encore\/#primaryimage"},"thumbnailUrl":"https:\/\/www.encoreglobal.com\/app\/uploads\/sites\/4\/2023\/02\/working-at-encore-300x214.png","datePublished":"2023-02-15T04:38:51+00:00","dateModified":"2023-02-15T04:47:38+00:00","description":"Enf\u00f3cate en TI \u00bfC\u00f3mo es ser parte del equipo de Encore? Cuando ayudas a crear soluciones de eventos \u00fanicos para clientes de todo el mundo, cada d\u00eda est\u00e1","breadcrumb":{"@id":"https:\/\/info.encore-mx.com\/es\/working-at-encore\/#breadcrumb"},"inLanguage":"es","potentialAction":[{"@type":"ReadAction","target":["https:\/\/info.encore-mx.com\/es\/working-at-encore\/"]}]},{"@type":"ImageObject","inLanguage":"es","@id":"https:\/\/info.encore-mx.com\/es\/working-at-encore\/#primaryimage","url":"https:\/\/www.encoreglobal.com\/app\/uploads\/sites\/4\/2023\/02\/working-at-encore-300x214.png","contentUrl":"https:\/\/www.encoreglobal.com\/app\/uploads\/sites\/4\/2023\/02\/working-at-encore-300x214.png"},{"@type":"BreadcrumbList","@id":"https:\/\/info.encore-mx.com\/es\/working-at-encore\/#breadcrumb","itemListElement":[{"@type":"ListItem","position":1,"name":"Home","item":"https:\/\/info.encore-mx.com\/es\/"},{"@type":"ListItem","position":2,"name":"Trabaja en Encore"}]},{"@type":"WebSite","@id":"https:\/\/info.encore-mx.com\/#website","url":"https:\/\/info.encore-mx.com\/","name":"Encore Mexico","description":"Events That Transform","publisher":{"@id":"https:\/\/info.encore-mx.com\/#organization"},"potentialAction":[{"@type":"SearchAction","target":{"@type":"EntryPoint","urlTemplate":"https:\/\/info.encore-mx.com\/?s={search_term_string}"},"query-input":{"@type":"PropertyValueSpecification","valueRequired":true,"valueName":"search_term_string"}}],"inLanguage":"es"},{"@type":"Organization","@id":"https:\/\/info.encore-mx.com\/#organization","name":"Encore Mexico","url":"https:\/\/info.encore-mx.com\/","logo":{"@type":"ImageObject","inLanguage":"es","@id":"https:\/\/info.encore-mx.com\/#\/schema\/logo\/image\/","url":"https:\/\/cdn.encoreglobal.com\/wp-content\/uploads\/sites\/4\/2020\/08\/05172619\/Encore-Logo_Horiz.png","contentUrl":"https:\/\/cdn.encoreglobal.com\/wp-content\/uploads\/sites\/4\/2020\/08\/05172619\/Encore-Logo_Horiz.png","width":1523,"height":476,"caption":"Encore Mexico"},"image":{"@id":"https:\/\/info.encore-mx.com\/#\/schema\/logo\/image\/"}}]}},"_links":{"self":[{"href":"https:\/\/info.encore-mx.com\/es\/wp-json\/wp\/v2\/pages\/42135","targetHints":{"allow":["GET"]}}],"collection":[{"href":"https:\/\/info.encore-mx.com\/es\/wp-json\/wp\/v2\/pages"}],"about":[{"href":"https:\/\/info.encore-mx.com\/es\/wp-json\/wp\/v2\/types\/page"}],"author":[{"embeddable":true,"href":"https:\/\/info.encore-mx.com\/es\/wp-json\/wp\/v2\/users\/6804"}],"replies":[{"embeddable":true,"href":"https:\/\/info.encore-mx.com\/es\/wp-json\/wp\/v2\/comments?post=42135"}],"version-history":[{"count":0,"href":"https:\/\/info.encore-mx.com\/es\/wp-json\/wp\/v2\/pages\/42135\/revisions"}],"wp:attachment":[{"href":"https:\/\/info.encore-mx.com\/es\/wp-json\/wp\/v2\/media?parent=42135"}],"wp:term":[{"taxonomy":"post_tag","embeddable":true,"href":"https:\/\/info.encore-mx.com\/es\/wp-json\/wp\/v2\/tags?post=42135"}],"curies":[{"name":"wp","href":"https:\/\/api.w.org\/{rel}","templated":true}]}}