{"id":42480,"date":"2023-02-23T22:32:14","date_gmt":"2023-02-23T22:32:14","guid":{"rendered":"https:\/\/www.encore-mx.com\/?page_id=42480"},"modified":"2024-07-31T03:35:53","modified_gmt":"2024-07-31T03:35:53","slug":"digital-solutions","status":"publish","type":"page","link":"https:\/\/info.encore-mx.com\/es\/digital-solutions\/","title":{"rendered":"Soluci\u00f3n Digital"},"content":{"rendered":"\t\t<div data-elementor-type=\"wp-page\" data-elementor-id=\"42480\" class=\"elementor elementor-42480\" data-elementor-post-type=\"page\">\n\t\t\t\t\t\t<section class=\"elementor-section elementor-top-section elementor-element elementor-element-1ab692c elementor-section-boxed elementor-section-height-default elementor-section-height-default\" data-id=\"1ab692c\" data-element_type=\"section\">\n\t\t\t\t\t\t<div class=\"elementor-container elementor-column-gap-default\">\n\t\t\t\t\t<div class=\"elementor-column elementor-col-33 elementor-top-column elementor-element elementor-element-325438d\" data-id=\"325438d\" data-element_type=\"column\">\n\t\t\t<div class=\"elementor-widget-wrap\">\n\t\t\t\t\t\t\t<\/div>\n\t\t<\/div>\n\t\t\t\t<div class=\"elementor-column elementor-col-33 elementor-top-column elementor-element elementor-element-ed824d8\" data-id=\"ed824d8\" data-element_type=\"column\">\n\t\t\t<div class=\"elementor-widget-wrap elementor-element-populated\">\n\t\t\t\t\t\t<div class=\"elementor-element elementor-element-f81d2a4 elementor-widget elementor-widget-heading\" data-id=\"f81d2a4\" data-element_type=\"widget\" data-widget_type=\"heading.default\">\n\t\t\t\t<div class=\"elementor-widget-container\">\n\t\t\t\t\t<h2 class=\"elementor-heading-title elementor-size-default\">Servicios Digitales y Tecnolog\u00eda<\/h2>\t\t\t\t<\/div>\n\t\t\t\t<\/div>\n\t\t\t\t<div class=\"elementor-element elementor-element-230c466 elementor-widget elementor-widget-text-editor\" data-id=\"230c466\" data-element_type=\"widget\" data-widget_type=\"text-editor.default\">\n\t\t\t\t<div class=\"elementor-widget-container\">\n\t\t\t\t\t\t\t\t\t<span data-contrast=\"auto\">Mejora tus reuniones o eventos con las Soluciones Digitales de encore. Impacta de manera positiva tu experiencia virtual, h\u00edbrida o presencial con soluciones inteligentes que te ayudan a operar de manera m\u00e1s eficiente y presentar perfectamente tu mensaje.  <\/span><span data-ccp-props=\"{\">\u00a0<\/span>\n\n<span data-ccp-props=\"{\">\u00a0<\/span>\t\t\t\t\t\t\t\t<\/div>\n\t\t\t\t<\/div>\n\t\t\t\t\t<\/div>\n\t\t<\/div>\n\t\t\t\t<div class=\"elementor-column elementor-col-33 elementor-top-column elementor-element elementor-element-fa3dba4\" data-id=\"fa3dba4\" data-element_type=\"column\">\n\t\t\t<div class=\"elementor-widget-wrap\">\n\t\t\t\t\t\t\t<\/div>\n\t\t<\/div>\n\t\t\t\t\t<\/div>\n\t\t<\/section>\n\t\t\t\t<section class=\"elementor-section elementor-top-section elementor-element elementor-element-f027969 elementor-section-stretched elementor-section-boxed elementor-section-height-default elementor-section-height-default\" data-id=\"f027969\" data-element_type=\"section\" data-settings=\"{&quot;stretch_section&quot;:&quot;section-stretched&quot;}\">\n\t\t\t\t\t\t<div class=\"elementor-container elementor-column-gap-default\">\n\t\t\t\t\t<div class=\"elementor-column elementor-col-100 elementor-top-column elementor-element elementor-element-4306ede\" data-id=\"4306ede\" data-element_type=\"column\">\n\t\t\t<div class=\"elementor-widget-wrap elementor-element-populated\">\n\t\t\t\t\t\t<div class=\"elementor-element elementor-element-1025d14 elementor-widget elementor-widget-heading\" data-id=\"1025d14\" data-element_type=\"widget\" data-widget_type=\"heading.default\">\n\t\t\t\t<div class=\"elementor-widget-container\">\n\t\t\t\t\t<h2 class=\"elementor-heading-title elementor-size-default\">Capacidades<\/h2>\t\t\t\t<\/div>\n\t\t\t\t<\/div>\n\t\t\t\t<section class=\"elementor-section elementor-inner-section elementor-element elementor-element-894467b elementor-section-boxed elementor-section-height-default elementor-section-height-default\" data-id=\"894467b\" data-element_type=\"section\">\n\t\t\t\t\t\t<div class=\"elementor-container elementor-column-gap-default\">\n\t\t\t\t\t<div class=\"elementor-column elementor-col-25 elementor-inner-column elementor-element elementor-element-47d56fb\" data-id=\"47d56fb\" data-element_type=\"column\">\n\t\t\t<div class=\"elementor-widget-wrap\">\n\t\t\t\t\t\t\t<\/div>\n\t\t<\/div>\n\t\t\t\t<div class=\"elementor-column elementor-col-25 elementor-inner-column elementor-element elementor-element-2dacb1c\" data-id=\"2dacb1c\" data-element_type=\"column\">\n\t\t\t<div class=\"elementor-widget-wrap elementor-element-populated\">\n\t\t\t\t\t\t<div class=\"elementor-element elementor-element-e415a51 elementor-widget elementor-widget-encore-capabilities\" data-id=\"e415a51\" data-element_type=\"widget\" data-widget_type=\"encore-capabilities.default\">\n\t\t\t\t<div class=\"elementor-widget-container\">\n\t\t\t\t\t<div class=\"capability-wrapper\">\n\t<div class=\"entry\" style=\"background-image:url(https:\/\/encoreglobal.com\/app\/uploads\/sites\/4\/2020\/10\/Hawthorn_twobytwo_BBCW_Showcase_2018_1136-scaled-1.jpg);\">\n\t\t<div class=\"entry-display teal\">\n\t\t\t<div class=\"title\">Participaci\u00f3n Digital<\/div>\n            <div class=\"clear\"><\/div>\n\t\t\t<div class=\"link\">\n\t\t\t\t<a href=\"\/es\/digital-engagement\/\">CONOCE M\u00c1S<\/a>\n\t\t\t<\/div>\n\t\t<\/div>\n\t<\/div>\n<\/div>\n\t\t\t\t<\/div>\n\t\t\t\t<\/div>\n\t\t\t\t\t<\/div>\n\t\t<\/div>\n\t\t\t\t<div class=\"elementor-column elementor-col-25 elementor-inner-column elementor-element elementor-element-07541b9\" data-id=\"07541b9\" data-element_type=\"column\">\n\t\t\t<div class=\"elementor-widget-wrap elementor-element-populated\">\n\t\t\t\t\t\t<div class=\"elementor-element elementor-element-35d7a1a elementor-widget elementor-widget-encore-capabilities\" data-id=\"35d7a1a\" data-element_type=\"widget\" data-widget_type=\"encore-capabilities.default\">\n\t\t\t\t<div class=\"elementor-widget-container\">\n\t\t\t\t\t<div class=\"capability-wrapper\">\n\t<div class=\"entry\" style=\"background-image:url(https:\/\/encoreglobal.com\/app\/uploads\/sites\/4\/2020\/10\/Mobile-Applications-1-scaled-1.jpg);\">\n\t\t<div class=\"entry-display green\">\n\t\t\t<div class=\"title\">Aplicaciones M\u00f3viles<\/div>\n            <div class=\"clear\"><\/div>\n\t\t\t<div class=\"link\">\n\t\t\t\t<a href=\"\/es\/mobile-applications\/\">CONOCE M\u00c1S<\/a>\n\t\t\t<\/div>\n\t\t<\/div>\n\t<\/div>\n<\/div>\n\t\t\t\t<\/div>\n\t\t\t\t<\/div>\n\t\t\t\t\t<\/div>\n\t\t<\/div>\n\t\t\t\t<div class=\"elementor-column elementor-col-25 elementor-inner-column elementor-element elementor-element-8bdf8d7\" data-id=\"8bdf8d7\" data-element_type=\"column\">\n\t\t\t<div class=\"elementor-widget-wrap\">\n\t\t\t\t\t\t\t<\/div>\n\t\t<\/div>\n\t\t\t\t\t<\/div>\n\t\t<\/section>\n\t\t\t\t<section class=\"elementor-section elementor-inner-section elementor-element elementor-element-ff267c8 elementor-section-boxed elementor-section-height-default elementor-section-height-default\" data-id=\"ff267c8\" data-element_type=\"section\">\n\t\t\t\t\t\t<div class=\"elementor-container elementor-column-gap-default\">\n\t\t\t\t\t<div class=\"elementor-column elementor-col-25 elementor-inner-column elementor-element elementor-element-a6cec9a\" data-id=\"a6cec9a\" data-element_type=\"column\">\n\t\t\t<div class=\"elementor-widget-wrap\">\n\t\t\t\t\t\t\t<\/div>\n\t\t<\/div>\n\t\t\t\t<div class=\"elementor-column elementor-col-25 elementor-inner-column elementor-element elementor-element-f1b2335\" data-id=\"f1b2335\" data-element_type=\"column\">\n\t\t\t<div class=\"elementor-widget-wrap elementor-element-populated\">\n\t\t\t\t\t\t<div class=\"elementor-element elementor-element-5c9be21 elementor-widget elementor-widget-encore-capabilities\" data-id=\"5c9be21\" data-element_type=\"widget\" data-widget_type=\"encore-capabilities.default\">\n\t\t\t\t<div class=\"elementor-widget-container\">\n\t\t\t\t\t<div class=\"capability-wrapper\">\n\t<div class=\"entry\" style=\"background-image:url(https:\/\/info.encoreglobal.com\/app\/uploads\/sites\/4\/2020\/09\/technology.png);\">\n\t\t<div class=\"entry-display orange\">\n\t\t\t<div class=\"title\">Gesti\u00f3n de Contenido<\/div>\n            <div class=\"clear\"><\/div>\n\t\t\t<div class=\"link\">\n\t\t\t\t<a href=\"\/es\/content-management\/\">CONOCE M\u00c1S<\/a>\n\t\t\t<\/div>\n\t\t<\/div>\n\t<\/div>\n<\/div>\n\t\t\t\t<\/div>\n\t\t\t\t<\/div>\n\t\t\t\t\t<\/div>\n\t\t<\/div>\n\t\t\t\t<div class=\"elementor-column elementor-col-25 elementor-inner-column elementor-element elementor-element-18ebd36\" data-id=\"18ebd36\" data-element_type=\"column\">\n\t\t\t<div class=\"elementor-widget-wrap elementor-element-populated\">\n\t\t\t\t\t\t<div class=\"elementor-element elementor-element-7bc21e7 elementor-widget elementor-widget-encore-capabilities\" data-id=\"7bc21e7\" data-element_type=\"widget\" data-widget_type=\"encore-capabilities.default\">\n\t\t\t\t<div class=\"elementor-widget-container\">\n\t\t\t\t\t<div class=\"capability-wrapper\">\n\t<div class=\"entry\" style=\"background-image:url(https:\/\/encoreglobal.com\/app\/uploads\/sites\/4\/2020\/10\/Hawthorn_twobytwo_Xerocon_2019_0531.jpg);\">\n\t\t<div class=\"entry-display teal\">\n\t\t\t<div class=\"title\">Eventos H\u00edbridos y Virtuales<\/div>\n            <div class=\"clear\"><\/div>\n\t\t\t<div class=\"link\">\n\t\t\t\t<a href=\"https:\/\/encore-mx.com\/es\/soluciones-eventos\/eventos-hibridos-virtuales\/\">CONOCE M\u00c1S<\/a>\n\t\t\t<\/div>\n\t\t<\/div>\n\t<\/div>\n<\/div>\n\t\t\t\t<\/div>\n\t\t\t\t<\/div>\n\t\t\t\t\t<\/div>\n\t\t<\/div>\n\t\t\t\t<div class=\"elementor-column elementor-col-25 elementor-inner-column elementor-element elementor-element-df64417\" data-id=\"df64417\" data-element_type=\"column\">\n\t\t\t<div class=\"elementor-widget-wrap\">\n\t\t\t\t\t\t\t<\/div>\n\t\t<\/div>\n\t\t\t\t\t<\/div>\n\t\t<\/section>\n\t\t\t\t\t<\/div>\n\t\t<\/div>\n\t\t\t\t\t<\/div>\n\t\t<\/section>\n\t\t\t\t<section class=\"elementor-section elementor-top-section elementor-element elementor-element-cbabf5c elementor-section-boxed elementor-section-height-default elementor-section-height-default\" data-id=\"cbabf5c\" data-element_type=\"section\">\n\t\t\t\t\t\t<div class=\"elementor-container elementor-column-gap-default\">\n\t\t\t\t\t<div class=\"elementor-column elementor-col-100 elementor-top-column elementor-element elementor-element-21a199d\" data-id=\"21a199d\" data-element_type=\"column\">\n\t\t\t<div class=\"elementor-widget-wrap elementor-element-populated\">\n\t\t\t\t\t\t<div class=\"elementor-element elementor-element-0ade9bd elementor-widget elementor-widget-spacer\" data-id=\"0ade9bd\" data-element_type=\"widget\" data-widget_type=\"spacer.default\">\n\t\t\t\t<div class=\"elementor-widget-container\">\n\t\t\t\t\t\t\t<div class=\"elementor-spacer\">\n\t\t\t<div class=\"elementor-spacer-inner\"><\/div>\n\t\t<\/div>\n\t\t\t\t\t\t<\/div>\n\t\t\t\t<\/div>\n\t\t\t\t<div class=\"elementor-element elementor-element-efa65e0 elementor-widget elementor-widget-spacer\" data-id=\"efa65e0\" data-element_type=\"widget\" data-widget_type=\"spacer.default\">\n\t\t\t\t<div class=\"elementor-widget-container\">\n\t\t\t\t\t\t\t<div class=\"elementor-spacer\">\n\t\t\t<div class=\"elementor-spacer-inner\"><\/div>\n\t\t<\/div>\n\t\t\t\t\t\t<\/div>\n\t\t\t\t<\/div>\n\t\t\t\t\t<\/div>\n\t\t<\/div>\n\t\t\t\t\t<\/div>\n\t\t<\/section>\n\t\t\t\t<section class=\"elementor-section elementor-top-section elementor-element elementor-element-3d1e69d elementor-section-stretched elementor-section-boxed elementor-section-height-default elementor-section-height-default\" data-id=\"3d1e69d\" data-element_type=\"section\" data-settings=\"{&quot;stretch_section&quot;:&quot;section-stretched&quot;,&quot;background_background&quot;:&quot;slideshow&quot;,&quot;background_slideshow_gallery&quot;:[{&quot;id&quot;:&quot;8994&quot;,&quot;url&quot;:&quot;https:\\\/\\\/www.encoreglobal.com\\\/app\\\/uploads\\\/sites\\\/4\\\/2020\\\/12\\\/DSC_7195.jpg&quot;}],&quot;background_slideshow_loop&quot;:&quot;yes&quot;,&quot;background_slideshow_slide_duration&quot;:5000,&quot;background_slideshow_slide_transition&quot;:&quot;fade&quot;,&quot;background_slideshow_transition_duration&quot;:500}\">\n\t\t\t\t\t\t\t<div class=\"elementor-background-overlay\"><\/div>\n\t\t\t\t\t\t\t<div class=\"elementor-container elementor-column-gap-default\">\n\t\t\t\t\t<div class=\"elementor-column elementor-col-50 elementor-top-column elementor-element elementor-element-1307bc4\" data-id=\"1307bc4\" data-element_type=\"column\">\n\t\t\t<div class=\"elementor-widget-wrap elementor-element-populated\">\n\t\t\t\t\t\t<div class=\"elementor-element elementor-element-bf2c9d2 elementor-widget elementor-widget-text-editor\" data-id=\"bf2c9d2\" data-element_type=\"widget\" data-widget_type=\"text-editor.default\">\n\t\t\t\t<div class=\"elementor-widget-container\">\n\t\t\t\t\t\t\t\t\t<h2 style=\"font-size: 2.25em\"><span style=\"color: #ffffff\">Global Locator<\/span><\/h2><p>Para ponerse en contacto con una sede de Encore, visite nuestra p\u00e1gina de <span style=\"color: #ffffff\"><a style=\"color: #ffffff\" href=\"https:\/\/staging.encoreglobal.com\/global-locator\/\"><strong>Global Locator.<\/strong><\/a><\/span>\u00a0Filtre por tipo de lugar, pa\u00eds, ciudad y marca del lugar. Los miembros de nuestro equipo lo guiar\u00e1n a trav\u00e9s de las soluciones m\u00e1s adecuadas para su tipo de evento.<\/p>\t\t\t\t\t\t\t\t<\/div>\n\t\t\t\t<\/div>\n\t\t\t\t\t<\/div>\n\t\t<\/div>\n\t\t\t\t<div class=\"elementor-column elementor-col-50 elementor-top-column elementor-element elementor-element-a890cc0\" data-id=\"a890cc0\" data-element_type=\"column\">\n\t\t\t<div class=\"elementor-widget-wrap\">\n\t\t\t\t\t\t\t<\/div>\n\t\t<\/div>\n\t\t\t\t\t<\/div>\n\t\t<\/section>\n\t\t\t\t<section class=\"elementor-section elementor-top-section elementor-element elementor-element-40414b8 elementor-section-boxed elementor-section-height-default elementor-section-height-default\" data-id=\"40414b8\" data-element_type=\"section\">\n\t\t\t\t\t\t<div class=\"elementor-container elementor-column-gap-default\">\n\t\t\t\t\t<div class=\"elementor-column elementor-col-100 elementor-top-column elementor-element elementor-element-ea05710\" data-id=\"ea05710\" data-element_type=\"column\">\n\t\t\t<div class=\"elementor-widget-wrap elementor-element-populated\">\n\t\t\t\t\t\t<div class=\"elementor-element elementor-element-a8831d4 elementor-widget elementor-widget-text-editor\" data-id=\"a8831d4\" data-element_type=\"widget\" data-widget_type=\"text-editor.default\">\n\t\t\t\t<div class=\"elementor-widget-container\">\n\t\t\t\t\t\t\t\t\t<div class=\"elementor-element elementor-element-2bf65b02 elementor-widget elementor-widget-heading\" data-id=\"2bf65b02\"><div class=\"elementor-widget-container\"><h2 class=\"elementor-heading-title elementor-size-default\" style=\"text-align: center;\">Hablemos de tus necesidades de experiencia en eventos.<\/h2><\/div><\/div><div class=\"elementor-element elementor-element-2133247d elementor-widget elementor-widget-text-editor\" data-id=\"2133247d\"><div class=\"elementor-widget-container\"><div class=\"elementor-text-editor elementor-clearfix\"><h4 class=\"p1\" style=\"text-align: center;\"><strong>\u00a1Ll\u00e1manos al <a href=\"tel:+52 (55) 3000.8500\">+52 (55) 3000.8500<\/a><\/strong><\/h4><h4 class=\"p1\" style=\"text-align: center;\"><strong> o completa el formulario a continuaci\u00f3n para comenzar!<\/strong><\/h4><p class=\"p1\" style=\"text-align: center;\">Para ponerte en contacto con un lugar espec\u00edfico, procede a trav\u00e9s de <a href=\"https:\/\/staging.encoreglobal.com\/locations\/\"><strong>Global Locator.<\/strong> <\/a>Esto te permitir\u00e1 ponerte en contacto con el equipo del lugar para ayudarte con tus necesidades de experiencia en el evento.<\/p><p class=\"p1\" style=\"text-align: center;\">Para consultas generales sobre eventos, contin\u00faa completando el formulario<\/p><p style=\"text-align: center;\"><span class=\"nanospell-typo\">\u00a0<\/span><\/p><\/div><\/div><\/div>\t\t\t\t\t\t\t\t<\/div>\n\t\t\t\t<\/div>\n\t\t\t\t\t<\/div>\n\t\t<\/div>\n\t\t\t\t\t<\/div>\n\t\t<\/section>\n\t\t\t\t<section class=\"elementor-section elementor-top-section elementor-element elementor-element-0994f8a elementor-section-boxed elementor-section-height-default elementor-section-height-default\" data-id=\"0994f8a\" data-element_type=\"section\">\n\t\t\t\t\t\t<div class=\"elementor-container elementor-column-gap-default\">\n\t\t\t\t\t<div class=\"elementor-column elementor-col-100 elementor-top-column elementor-element elementor-element-25eb477\" data-id=\"25eb477\" data-element_type=\"column\">\n\t\t\t<div class=\"elementor-widget-wrap elementor-element-populated\">\n\t\t\t\t\t\t<div class=\"elementor-element elementor-element-2f29633 elementor-align-center encore-utm-lightbox elementor-widget elementor-widget-button\" data-id=\"2f29633\" data-element_type=\"widget\" data-widget_type=\"button.default\">\n\t\t\t\t<div class=\"elementor-widget-container\">\n\t\t\t\t\t\t\t\t\t<div class=\"elementor-button-wrapper\">\n\t\t\t\t\t<a class=\"elementor-button elementor-button-link elementor-size-sm\" href=\"https:\/\/create.encore-mx.com\/mxsContact\" data-width=\"800\">\n\t\t\t\t\t\t<span class=\"elementor-button-content-wrapper\">\n\t\t\t\t\t\t\t\t\t<span class=\"elementor-button-text\">Cont\u00e1ctanos<\/span>\n\t\t\t\t\t<\/span>\n\t\t\t\t\t<\/a>\n\t\t\t\t<\/div>\n\t\t\t\t\t\t\t\t<\/div>\n\t\t\t\t<\/div>\n\t\t\t\t\t<\/div>\n\t\t<\/div>\n\t\t\t\t\t<\/div>\n\t\t<\/section>\n\t\t\t\t<\/div>\n\t\t","protected":false},"excerpt":{"rendered":"<p>Servicios Digitales y Tecnolog\u00eda Mejora tus reuniones o eventos con las Soluciones Digitales de encore. Impacta de manera positiva tu experiencia virtual, h\u00edbrida o presencial con soluciones inteligentes que te ayudan a operar de manera m\u00e1s eficiente y presentar perfectamente tu mensaje. \u00a0 \u00a0 Capacidades Participaci\u00f3n Digital Learn More Aplicaciones M\u00f3viles Learn More Gesti\u00f3n de &#8230; <a href=\"https:\/\/info.encore-mx.com\/es\/digital-solutions\/\">CONOCE M\u00c1S<\/a><\/p>\n","protected":false},"author":6804,"featured_media":0,"parent":0,"menu_order":0,"comment_status":"closed","ping_status":"closed","template":"","meta":{"footnotes":""},"tags":[],"class_list":["post-42480","page","type-page","status-publish","hentry"],"yoast_head":"<!-- This site is optimized with the Yoast SEO Premium plugin v25.4 (Yoast SEO v25.4) - https:\/\/yoast.com\/wordpress\/plugins\/seo\/ -->\n<title>Event Technology - Soluci\u00f3n Digital - Encore Mexico<\/title>\n<meta name=\"description\" content=\"Our digital solutions boost attendee engagement for all events, big or small, with virtual and hybrid features, presenter content, dynamic signage and more.\" \/>\n<meta name=\"robots\" content=\"noindex, follow, max-snippet:-1, max-image-preview:large, max-video-preview:-1\" \/>\n<meta property=\"og:locale\" content=\"es_ES\" \/>\n<meta property=\"og:type\" content=\"article\" \/>\n<meta property=\"og:title\" content=\"Soluci\u00f3n Digital\" \/>\n<meta property=\"og:description\" content=\"Our digital solutions boost attendee engagement for all events, big or small, with virtual and hybrid features, presenter content, dynamic signage and more.\" \/>\n<meta property=\"og:url\" content=\"https:\/\/info.encore-mx.com\/es\/digital-solutions\/\" \/>\n<meta property=\"og:site_name\" content=\"Encore Mexico\" \/>\n<meta property=\"article:modified_time\" content=\"2024-07-31T03:35:53+00:00\" \/>\n<meta name=\"twitter:card\" content=\"summary_large_image\" \/>\n<meta name=\"twitter:label1\" content=\"Tiempo de lectura\" \/>\n\t<meta name=\"twitter:data1\" content=\"2 minutos\" \/>\n<script type=\"application\/ld+json\" class=\"yoast-schema-graph\">{\"@context\":\"https:\/\/schema.org\",\"@graph\":[{\"@type\":\"WebPage\",\"@id\":\"https:\/\/info.encore-mx.com\/es\/digital-solutions\/\",\"url\":\"https:\/\/info.encore-mx.com\/es\/digital-solutions\/\",\"name\":\"Event Technology - Soluci\u00f3n Digital - Encore Mexico\",\"isPartOf\":{\"@id\":\"https:\/\/info.encore-mx.com\/#website\"},\"datePublished\":\"2023-02-23T22:32:14+00:00\",\"dateModified\":\"2024-07-31T03:35:53+00:00\",\"description\":\"Our digital solutions boost attendee engagement for all events, big or small, with virtual and hybrid features, presenter content, dynamic signage and more.\",\"breadcrumb\":{\"@id\":\"https:\/\/info.encore-mx.com\/es\/digital-solutions\/#breadcrumb\"},\"inLanguage\":\"es\",\"potentialAction\":[{\"@type\":\"ReadAction\",\"target\":[\"https:\/\/info.encore-mx.com\/es\/digital-solutions\/\"]}]},{\"@type\":\"BreadcrumbList\",\"@id\":\"https:\/\/info.encore-mx.com\/es\/digital-solutions\/#breadcrumb\",\"itemListElement\":[{\"@type\":\"ListItem\",\"position\":1,\"name\":\"Home\",\"item\":\"https:\/\/info.encore-mx.com\/es\/\"},{\"@type\":\"ListItem\",\"position\":2,\"name\":\"Soluci\u00f3n Digital\"}]},{\"@type\":\"WebSite\",\"@id\":\"https:\/\/info.encore-mx.com\/#website\",\"url\":\"https:\/\/info.encore-mx.com\/\",\"name\":\"Encore Mexico\",\"description\":\"Events That Transform\",\"publisher\":{\"@id\":\"https:\/\/info.encore-mx.com\/#organization\"},\"potentialAction\":[{\"@type\":\"SearchAction\",\"target\":{\"@type\":\"EntryPoint\",\"urlTemplate\":\"https:\/\/info.encore-mx.com\/?s={search_term_string}\"},\"query-input\":{\"@type\":\"PropertyValueSpecification\",\"valueRequired\":true,\"valueName\":\"search_term_string\"}}],\"inLanguage\":\"es\"},{\"@type\":\"Organization\",\"@id\":\"https:\/\/info.encore-mx.com\/#organization\",\"name\":\"Encore Mexico\",\"url\":\"https:\/\/info.encore-mx.com\/\",\"logo\":{\"@type\":\"ImageObject\",\"inLanguage\":\"es\",\"@id\":\"https:\/\/info.encore-mx.com\/#\/schema\/logo\/image\/\",\"url\":\"https:\/\/cdn.encoreglobal.com\/wp-content\/uploads\/sites\/4\/2020\/08\/05172619\/Encore-Logo_Horiz.png\",\"contentUrl\":\"https:\/\/cdn.encoreglobal.com\/wp-content\/uploads\/sites\/4\/2020\/08\/05172619\/Encore-Logo_Horiz.png\",\"width\":1523,\"height\":476,\"caption\":\"Encore Mexico\"},\"image\":{\"@id\":\"https:\/\/info.encore-mx.com\/#\/schema\/logo\/image\/\"}}]}<\/script>\n<!-- \/ Yoast SEO Premium plugin. -->","yoast_head_json":{"title":"Event Technology - Soluci\u00f3n Digital - Encore Mexico","description":"Our digital solutions boost attendee engagement for all events, big or small, with virtual and hybrid features, presenter content, dynamic signage and more.","robots":{"index":"noindex","follow":"follow","max-snippet":"max-snippet:-1","max-image-preview":"max-image-preview:large","max-video-preview":"max-video-preview:-1"},"og_locale":"es_ES","og_type":"article","og_title":"Soluci\u00f3n Digital","og_description":"Our digital solutions boost attendee engagement for all events, big or small, with virtual and hybrid features, presenter content, dynamic signage and more.","og_url":"https:\/\/info.encore-mx.com\/es\/digital-solutions\/","og_site_name":"Encore Mexico","article_modified_time":"2024-07-31T03:35:53+00:00","twitter_card":"summary_large_image","twitter_misc":{"Tiempo de lectura":"2 minutos"},"schema":{"@context":"https:\/\/schema.org","@graph":[{"@type":"WebPage","@id":"https:\/\/info.encore-mx.com\/es\/digital-solutions\/","url":"https:\/\/info.encore-mx.com\/es\/digital-solutions\/","name":"Event Technology - Soluci\u00f3n Digital - Encore Mexico","isPartOf":{"@id":"https:\/\/info.encore-mx.com\/#website"},"datePublished":"2023-02-23T22:32:14+00:00","dateModified":"2024-07-31T03:35:53+00:00","description":"Our digital solutions boost attendee engagement for all events, big or small, with virtual and hybrid features, presenter content, dynamic signage and more.","breadcrumb":{"@id":"https:\/\/info.encore-mx.com\/es\/digital-solutions\/#breadcrumb"},"inLanguage":"es","potentialAction":[{"@type":"ReadAction","target":["https:\/\/info.encore-mx.com\/es\/digital-solutions\/"]}]},{"@type":"BreadcrumbList","@id":"https:\/\/info.encore-mx.com\/es\/digital-solutions\/#breadcrumb","itemListElement":[{"@type":"ListItem","position":1,"name":"Home","item":"https:\/\/info.encore-mx.com\/es\/"},{"@type":"ListItem","position":2,"name":"Soluci\u00f3n Digital"}]},{"@type":"WebSite","@id":"https:\/\/info.encore-mx.com\/#website","url":"https:\/\/info.encore-mx.com\/","name":"Encore Mexico","description":"Events That Transform","publisher":{"@id":"https:\/\/info.encore-mx.com\/#organization"},"potentialAction":[{"@type":"SearchAction","target":{"@type":"EntryPoint","urlTemplate":"https:\/\/info.encore-mx.com\/?s={search_term_string}"},"query-input":{"@type":"PropertyValueSpecification","valueRequired":true,"valueName":"search_term_string"}}],"inLanguage":"es"},{"@type":"Organization","@id":"https:\/\/info.encore-mx.com\/#organization","name":"Encore Mexico","url":"https:\/\/info.encore-mx.com\/","logo":{"@type":"ImageObject","inLanguage":"es","@id":"https:\/\/info.encore-mx.com\/#\/schema\/logo\/image\/","url":"https:\/\/cdn.encoreglobal.com\/wp-content\/uploads\/sites\/4\/2020\/08\/05172619\/Encore-Logo_Horiz.png","contentUrl":"https:\/\/cdn.encoreglobal.com\/wp-content\/uploads\/sites\/4\/2020\/08\/05172619\/Encore-Logo_Horiz.png","width":1523,"height":476,"caption":"Encore Mexico"},"image":{"@id":"https:\/\/info.encore-mx.com\/#\/schema\/logo\/image\/"}}]}},"_links":{"self":[{"href":"https:\/\/info.encore-mx.com\/es\/wp-json\/wp\/v2\/pages\/42480","targetHints":{"allow":["GET"]}}],"collection":[{"href":"https:\/\/info.encore-mx.com\/es\/wp-json\/wp\/v2\/pages"}],"about":[{"href":"https:\/\/info.encore-mx.com\/es\/wp-json\/wp\/v2\/types\/page"}],"author":[{"embeddable":true,"href":"https:\/\/info.encore-mx.com\/es\/wp-json\/wp\/v2\/users\/6804"}],"replies":[{"embeddable":true,"href":"https:\/\/info.encore-mx.com\/es\/wp-json\/wp\/v2\/comments?post=42480"}],"version-history":[{"count":0,"href":"https:\/\/info.encore-mx.com\/es\/wp-json\/wp\/v2\/pages\/42480\/revisions"}],"wp:attachment":[{"href":"https:\/\/info.encore-mx.com\/es\/wp-json\/wp\/v2\/media?parent=42480"}],"wp:term":[{"taxonomy":"post_tag","embeddable":true,"href":"https:\/\/info.encore-mx.com\/es\/wp-json\/wp\/v2\/tags?post=42480"}],"curies":[{"name":"wp","href":"https:\/\/api.w.org\/{rel}","templated":true}]}}