{"id":48494,"date":"2024-08-20T19:22:01","date_gmt":"2024-08-20T19:22:01","guid":{"rendered":"https:\/\/www.encore-mx.com\/?page_id=48494"},"modified":"2024-08-20T19:42:35","modified_gmt":"2024-08-20T19:42:35","slug":"recursos-para-miembros-del-equipo","status":"publish","type":"page","link":"https:\/\/info.encore-mx.com\/es\/recursos-para-miembros-del-equipo\/","title":{"rendered":"Recursos para miembros del equipo"},"content":{"rendered":"\t\t<div data-elementor-type=\"wp-page\" data-elementor-id=\"48494\" class=\"elementor elementor-48494\" data-elementor-post-type=\"page\">\n\t\t\t\t\t\t<section class=\"elementor-section elementor-top-section elementor-element elementor-element-6d139205 elementor-section-boxed elementor-section-height-default elementor-section-height-default\" data-id=\"6d139205\" data-element_type=\"section\">\n\t\t\t\t\t\t<div class=\"elementor-container elementor-column-gap-default\">\n\t\t\t\t\t<div class=\"elementor-column elementor-col-100 elementor-top-column elementor-element elementor-element-2a6b8e4c\" data-id=\"2a6b8e4c\" data-element_type=\"column\">\n\t\t\t<div class=\"elementor-widget-wrap elementor-element-populated\">\n\t\t\t\t\t\t<div class=\"elementor-element elementor-element-386fff1c elementor-widget elementor-widget-heading\" data-id=\"386fff1c\" data-element_type=\"widget\" data-widget_type=\"heading.default\">\n\t\t\t\t<div class=\"elementor-widget-container\">\n\t\t\t\t\t<h2 class=\"elementor-heading-title elementor-size-default\">Enlaces Importantes<\/h2>\t\t\t\t<\/div>\n\t\t\t\t<\/div>\n\t\t\t\t\t<\/div>\n\t\t<\/div>\n\t\t\t\t\t<\/div>\n\t\t<\/section>\n\t\t\t\t<section class=\"elementor-section elementor-top-section elementor-element elementor-element-19694f3b elementor-section-boxed elementor-section-height-default elementor-section-height-default\" data-id=\"19694f3b\" data-element_type=\"section\">\n\t\t\t\t\t\t<div class=\"elementor-container elementor-column-gap-default\">\n\t\t\t\t\t<div class=\"elementor-column elementor-col-33 elementor-top-column elementor-element elementor-element-1fdb73c6\" data-id=\"1fdb73c6\" data-element_type=\"column\">\n\t\t\t<div class=\"elementor-widget-wrap elementor-element-populated\">\n\t\t\t\t\t\t<div class=\"elementor-element elementor-element-76bd00ab elementor-widget elementor-widget-text-editor\" data-id=\"76bd00ab\" data-element_type=\"widget\" data-widget_type=\"text-editor.default\">\n\t\t\t\t<div class=\"elementor-widget-container\">\n\t\t\t\t\t\t\t\t\t<h3>Recursos Humanos<\/h3>\t\t\t\t\t\t\t\t<\/div>\n\t\t\t\t<\/div>\n\t\t\t\t<div class=\"elementor-element elementor-element-fc3b5c9 elementor-align-center elementor-widget elementor-widget-button\" data-id=\"fc3b5c9\" data-element_type=\"widget\" data-widget_type=\"button.default\">\n\t\t\t\t<div class=\"elementor-widget-container\">\n\t\t\t\t\t\t\t\t\t<div class=\"elementor-button-wrapper\">\n\t\t\t\t\t<a class=\"elementor-button elementor-button-link elementor-size-sm\" href=\"https:\/\/n21.ultipro.com\/default.aspx\" target=\"_blank\">\n\t\t\t\t\t\t<span class=\"elementor-button-content-wrapper\">\n\t\t\t\t\t\t\t\t\t<span class=\"elementor-button-text\">UltiPro Portal<\/span>\n\t\t\t\t\t<\/span>\n\t\t\t\t\t<\/a>\n\t\t\t\t<\/div>\n\t\t\t\t\t\t\t\t<\/div>\n\t\t\t\t<\/div>\n\t\t\t\t\t<\/div>\n\t\t<\/div>\n\t\t\t\t<div class=\"elementor-column elementor-col-33 elementor-top-column elementor-element elementor-element-62f42d96\" data-id=\"62f42d96\" data-element_type=\"column\">\n\t\t\t<div class=\"elementor-widget-wrap elementor-element-populated\">\n\t\t\t\t\t\t<div class=\"elementor-element elementor-element-73739ee0 elementor-widget elementor-widget-text-editor\" data-id=\"73739ee0\" data-element_type=\"widget\" data-widget_type=\"text-editor.default\">\n\t\t\t\t<div class=\"elementor-widget-container\">\n\t\t\t\t\t\t\t\t\t<h3>Capacitaci\u00f3n<\/h3>\t\t\t\t\t\t\t\t<\/div>\n\t\t\t\t<\/div>\n\t\t\t\t<div class=\"elementor-element elementor-element-4dffc577 elementor-align-center elementor-widget elementor-widget-button\" data-id=\"4dffc577\" data-element_type=\"widget\" data-widget_type=\"button.default\">\n\t\t\t\t<div class=\"elementor-widget-container\">\n\t\t\t\t\t\t\t\t\t<div class=\"elementor-button-wrapper\">\n\t\t\t\t\t<a class=\"elementor-button elementor-button-link elementor-size-sm\" href=\"https:\/\/psavilearn.sumtotal.host\/\" target=\"_blank\">\n\t\t\t\t\t\t<span class=\"elementor-button-content-wrapper\">\n\t\t\t\t\t\t\t\t\t<span class=\"elementor-button-text\">Encore University<\/span>\n\t\t\t\t\t<\/span>\n\t\t\t\t\t<\/a>\n\t\t\t\t<\/div>\n\t\t\t\t\t\t\t\t<\/div>\n\t\t\t\t<\/div>\n\t\t\t\t\t<\/div>\n\t\t<\/div>\n\t\t\t\t<div class=\"elementor-column elementor-col-33 elementor-top-column elementor-element elementor-element-7253bf37\" data-id=\"7253bf37\" data-element_type=\"column\">\n\t\t\t<div class=\"elementor-widget-wrap elementor-element-populated\">\n\t\t\t\t\t\t<div class=\"elementor-element elementor-element-140f3ce elementor-widget elementor-widget-text-editor\" data-id=\"140f3ce\" data-element_type=\"widget\" data-widget_type=\"text-editor.default\">\n\t\t\t\t<div class=\"elementor-widget-container\">\n\t\t\t\t\t\t\t\t\t<h3>Recursos de Tecnolog\u00edas de la informaci\u00f3n<\/h3>\n<ul>\n<li><strong><a href=\"https:\/\/outlook.office.com\/mail\/inbox\">Correo Web<\/a><\/strong><\/li>\n<li><strong><a href=\"https:\/\/psav.sharepoint.com\/sites\/Encore-Connect\">Intranet Para Miembros del Equipo<\/a><\/strong><\/li>\n<li><strong><a href=\"https:\/\/status.office365.com\/\">Estado de Salud del Servicio Microsoft 365<\/a><\/strong><\/li>\n<\/ul>\n<div>\u00a0<\/div>\t\t\t\t\t\t\t\t<\/div>\n\t\t\t\t<\/div>\n\t\t\t\t\t<\/div>\n\t\t<\/div>\n\t\t\t\t\t<\/div>\n\t\t<\/section>\n\t\t\t\t<section class=\"elementor-section elementor-top-section elementor-element elementor-element-589d4cc5 elementor-section-boxed elementor-section-height-default elementor-section-height-default\" data-id=\"589d4cc5\" data-element_type=\"section\">\n\t\t\t\t\t\t<div class=\"elementor-container elementor-column-gap-default\">\n\t\t\t\t\t<div class=\"elementor-column elementor-col-100 elementor-top-column elementor-element elementor-element-49466d71\" data-id=\"49466d71\" data-element_type=\"column\">\n\t\t\t<div class=\"elementor-widget-wrap elementor-element-populated\">\n\t\t\t\t\t\t<div class=\"elementor-element elementor-element-30df522a elementor-widget elementor-widget-text-editor\" data-id=\"30df522a\" data-element_type=\"widget\" data-widget_type=\"text-editor.default\">\n\t\t\t\t<div class=\"elementor-widget-container\">\n\t\t\t\t\t\t\t\t\t<p>Si no puede acceder a estos recursos o ha olvidado sus credenciales, utilice las gu\u00edas siguientes o comun\u00edquese con su gerente o representante de recursos humanos.<\/p>\n<ul>\n<li><strong><a href=\"https:\/\/info.encoreglobal.com\/app\/uploads\/2021\/01\/Microsoft-Password-Reset-Instructions-2021.pdf\"><u>Restablecer Contrase\u00f1a (PDF)<\/u><\/a><\/strong><\/li>\n<li><a href=\"https:\/\/info.encoreglobal.com\/app\/uploads\/2021\/01\/Multifactor-Authentication-US-Install-2021.pdf\"><u><strong>Autenticaci\u00f3n Multifactor (PDF)<\/strong><\/u><\/a><\/li>\n<\/ul>\t\t\t\t\t\t\t\t<\/div>\n\t\t\t\t<\/div>\n\t\t\t\t\t<\/div>\n\t\t<\/div>\n\t\t\t\t\t<\/div>\n\t\t<\/section>\n\t\t\t\t<section class=\"elementor-section elementor-top-section elementor-element elementor-element-65e292f elementor-section-full_width elementor-section-stretched elementor-section-height-default elementor-section-height-default\" data-id=\"65e292f\" data-element_type=\"section\" data-settings=\"{&quot;stretch_section&quot;:&quot;section-stretched&quot;}\">\n\t\t\t\t\t\t<div class=\"elementor-container elementor-column-gap-default\">\n\t\t\t\t\t<div class=\"elementor-column elementor-col-100 elementor-top-column elementor-element elementor-element-ef50a47\" data-id=\"ef50a47\" data-element_type=\"column\">\n\t\t\t<div class=\"elementor-widget-wrap elementor-element-populated\">\n\t\t\t\t\t\t<div class=\"elementor-element elementor-element-1442b35f elementor-widget-divider--view-line elementor-widget elementor-widget-divider\" data-id=\"1442b35f\" data-element_type=\"widget\" data-widget_type=\"divider.default\">\n\t\t\t\t<div class=\"elementor-widget-container\">\n\t\t\t\t\t\t\t<div class=\"elementor-divider\">\n\t\t\t<span class=\"elementor-divider-separator\">\n\t\t\t\t\t\t<\/span>\n\t\t<\/div>\n\t\t\t\t\t\t<\/div>\n\t\t\t\t<\/div>\n\t\t\t\t\t<\/div>\n\t\t<\/div>\n\t\t\t\t\t<\/div>\n\t\t<\/section>\n\t\t\t\t<section class=\"elementor-section elementor-top-section elementor-element elementor-element-b60030 elementor-section-boxed elementor-section-height-default elementor-section-height-default\" data-id=\"b60030\" data-element_type=\"section\">\n\t\t\t\t\t\t<div class=\"elementor-container elementor-column-gap-no\">\n\t\t\t\t\t<div class=\"elementor-column elementor-col-50 elementor-top-column elementor-element elementor-element-2dad8461\" data-id=\"2dad8461\" data-element_type=\"column\">\n\t\t\t<div class=\"elementor-widget-wrap elementor-element-populated\">\n\t\t\t\t\t\t<section class=\"elementor-section elementor-inner-section elementor-element elementor-element-12b4eec2 elementor-section-boxed elementor-section-height-default elementor-section-height-default\" data-id=\"12b4eec2\" data-element_type=\"section\">\n\t\t\t\t\t\t<div class=\"elementor-container elementor-column-gap-no\">\n\t\t\t\t\t<div class=\"elementor-column elementor-col-100 elementor-inner-column elementor-element elementor-element-184da2ad\" data-id=\"184da2ad\" data-element_type=\"column\">\n\t\t\t<div class=\"elementor-widget-wrap elementor-element-populated\">\n\t\t\t\t\t\t<div class=\"elementor-element elementor-element-26ca288a elementor-widget elementor-widget-text-editor\" data-id=\"26ca288a\" data-element_type=\"widget\" data-widget_type=\"text-editor.default\">\n\t\t\t\t<div class=\"elementor-widget-container\">\n\t\t\t\t\t\t\t\t\t<h3>Price Guide and EventNow Login<\/h3>\t\t\t\t\t\t\t\t<\/div>\n\t\t\t\t<\/div>\n\t\t\t\t<div class=\"elementor-element elementor-element-4b929d78 elementor-widget elementor-widget-text-editor\" data-id=\"4b929d78\" data-element_type=\"widget\" data-widget_type=\"text-editor.default\">\n\t\t\t\t<div class=\"elementor-widget-container\">\n\t\t\t\t\t\t\t\t\t\u00bfYa tienes un inicio de sesi\u00f3n? Acceda al sitio de su lugar, a los kits de marketing\/precios y al portal EventNow aqu\u00ed:\t\t\t\t\t\t\t\t<\/div>\n\t\t\t\t<\/div>\n\t\t\t\t<div class=\"elementor-element elementor-element-34010aa3 elementor-align-center elementor-widget elementor-widget-button\" data-id=\"34010aa3\" data-element_type=\"widget\" data-widget_type=\"button.default\">\n\t\t\t\t<div class=\"elementor-widget-container\">\n\t\t\t\t\t\t\t\t\t<div class=\"elementor-button-wrapper\">\n\t\t\t\t\t<a class=\"elementor-button elementor-button-link elementor-size-sm\" href=\"https:\/\/www.encoreglobal.com\/wp\/wp-login.php\" target=\"_blank\">\n\t\t\t\t\t\t<span class=\"elementor-button-content-wrapper\">\n\t\t\t\t\t\t\t\t\t<span class=\"elementor-button-text\">Haga Clic Aqu\u00ed<\/span>\n\t\t\t\t\t<\/span>\n\t\t\t\t\t<\/a>\n\t\t\t\t<\/div>\n\t\t\t\t\t\t\t\t<\/div>\n\t\t\t\t<\/div>\n\t\t\t\t<div class=\"elementor-element elementor-element-24067f83 elementor-widget elementor-widget-text-editor\" data-id=\"24067f83\" data-element_type=\"widget\" data-widget_type=\"text-editor.default\">\n\t\t\t\t<div class=\"elementor-widget-container\">\n\t\t\t\t\t\t\t\t\t<h3>Solicitar Acceso<\/h3>\t\t\t\t\t\t\t\t<\/div>\n\t\t\t\t<\/div>\n\t\t\t\t<div class=\"elementor-element elementor-element-6fb9d54f elementor-widget elementor-widget-text-editor\" data-id=\"6fb9d54f\" data-element_type=\"widget\" data-widget_type=\"text-editor.default\">\n\t\t\t\t<div class=\"elementor-widget-container\">\n\t\t\t\t\t\t\t\t\tSi no tiene un inicio de sesi\u00f3n o no recibe un correo electr\u00f3nico despu\u00e9s de enviar un restablecimiento de contrase\u00f1a, solicite acceso abriendo un ticket de FreshService.\t\t\t\t\t\t\t\t<\/div>\n\t\t\t\t<\/div>\n\t\t\t\t<div class=\"elementor-element elementor-element-5b645afc elementor-align-center elementor-widget elementor-widget-button\" data-id=\"5b645afc\" data-element_type=\"widget\" data-widget_type=\"button.default\">\n\t\t\t\t<div class=\"elementor-widget-container\">\n\t\t\t\t\t\t\t\t\t<div class=\"elementor-button-wrapper\">\n\t\t\t\t\t<a class=\"elementor-button elementor-button-link elementor-size-sm\" href=\"https:\/\/freshservice.encoreglobal.com\/a\/catalog\/request-items\/242\" target=\"_blank\">\n\t\t\t\t\t\t<span class=\"elementor-button-content-wrapper\">\n\t\t\t\t\t\t\t\t\t<span class=\"elementor-button-text\">Billete Abierto<\/span>\n\t\t\t\t\t<\/span>\n\t\t\t\t\t<\/a>\n\t\t\t\t<\/div>\n\t\t\t\t\t\t\t\t<\/div>\n\t\t\t\t<\/div>\n\t\t\t\t\t<\/div>\n\t\t<\/div>\n\t\t\t\t\t<\/div>\n\t\t<\/section>\n\t\t\t\t\t<\/div>\n\t\t<\/div>\n\t\t\t\t<div class=\"elementor-column elementor-col-50 elementor-top-column elementor-element elementor-element-295f3ad9\" data-id=\"295f3ad9\" data-element_type=\"column\" data-settings=\"{&quot;background_background&quot;:&quot;classic&quot;}\">\n\t\t\t<div class=\"elementor-widget-wrap elementor-element-populated\">\n\t\t\t\t\t\t<div class=\"elementor-element elementor-element-273f753d elementor-widget elementor-widget-text-editor\" data-id=\"273f753d\" data-element_type=\"widget\" data-widget_type=\"text-editor.default\">\n\t\t\t\t<div class=\"elementor-widget-container\">\n\t\t\t\t\t\t\t\t\t<h3>Price Guide and EventNow Instructions<\/h3>\t\t\t\t\t\t\t\t<\/div>\n\t\t\t\t<\/div>\n\t\t\t\t<div class=\"elementor-element elementor-element-2a985274 elementor-widget elementor-widget-text-editor\" data-id=\"2a985274\" data-element_type=\"widget\" data-widget_type=\"text-editor.default\">\n\t\t\t\t<div class=\"elementor-widget-container\">\n\t\t\t\t\t\t\t\t\t\u00bfNecesita ayuda para actualizar su Gu\u00eda de precios o las opciones de EventNow? Acceda a Encore Connect para obtener instrucciones detalladas:\t\t\t\t\t\t\t\t<\/div>\n\t\t\t\t<\/div>\n\t\t\t\t<div class=\"elementor-element elementor-element-7318a90f elementor-align-center elementor-widget elementor-widget-button\" data-id=\"7318a90f\" data-element_type=\"widget\" data-widget_type=\"button.default\">\n\t\t\t\t<div class=\"elementor-widget-container\">\n\t\t\t\t\t\t\t\t\t<div class=\"elementor-button-wrapper\">\n\t\t\t\t\t<a class=\"elementor-button elementor-button-link elementor-size-sm\" href=\"https:\/\/psav.sharepoint.com\/sites\/Marketing\/PriceGuides\/Forms\/AllItems.aspx\" target=\"_blank\">\n\t\t\t\t\t\t<span class=\"elementor-button-content-wrapper\">\n\t\t\t\t\t\t\t\t\t<span class=\"elementor-button-text\">Haga Clic Aqu\u00ed<\/span>\n\t\t\t\t\t<\/span>\n\t\t\t\t\t<\/a>\n\t\t\t\t<\/div>\n\t\t\t\t\t\t\t\t<\/div>\n\t\t\t\t<\/div>\n\t\t\t\t\t<\/div>\n\t\t<\/div>\n\t\t\t\t\t<\/div>\n\t\t<\/section>\n\t\t\t\t<\/div>\n\t\t","protected":false},"excerpt":{"rendered":"<p>Enlaces Importantes Recursos Humanos UltiPro Portal Capacitaci\u00f3n Encore University Recursos de Tecnolog\u00edas de la informaci\u00f3n Correo Web Intranet Para Miembros del Equipo Estado de Salud del Servicio Microsoft 365 \u00a0 Si no puede acceder a estos recursos o ha olvidado sus credenciales, utilice las gu\u00edas siguientes o comun\u00edquese con su gerente o representante de recursos &#8230; <a href=\"https:\/\/info.encore-mx.com\/es\/recursos-para-miembros-del-equipo\/\">CONOCE M\u00c1S<\/a><\/p>\n","protected":false},"author":7903,"featured_media":0,"parent":0,"menu_order":0,"comment_status":"closed","ping_status":"closed","template":"","meta":{"footnotes":""},"tags":[],"class_list":["post-48494","page","type-page","status-publish","hentry"],"yoast_head":"<!-- This site is optimized with the Yoast SEO Premium plugin v25.4 (Yoast SEO v25.4) - https:\/\/yoast.com\/wordpress\/plugins\/seo\/ -->\n<title>Recursos para miembros del equipo - Event Management | Encore Mexico<\/title>\n<meta name=\"description\" content=\"Enlaces Importantes Recursos Humanos UltiPro Portal Capacitaci\u00f3n Encore University Recursos de Tecnolog\u00edas de la informaci\u00f3n Correo Web Intranet Para\" \/>\n<meta name=\"robots\" content=\"noindex, follow, max-snippet:-1, max-image-preview:large, max-video-preview:-1\" \/>\n<meta property=\"og:locale\" content=\"es_ES\" \/>\n<meta property=\"og:type\" content=\"article\" \/>\n<meta property=\"og:title\" content=\"Recursos para miembros del equipo\" \/>\n<meta property=\"og:description\" content=\"Enlaces Importantes Recursos Humanos UltiPro Portal Capacitaci\u00f3n Encore University Recursos de Tecnolog\u00edas de la informaci\u00f3n Correo Web Intranet Para\" \/>\n<meta property=\"og:url\" content=\"https:\/\/info.encore-mx.com\/es\/recursos-para-miembros-del-equipo\/\" \/>\n<meta property=\"og:site_name\" content=\"Encore Mexico\" \/>\n<meta property=\"article:modified_time\" content=\"2024-08-20T19:42:35+00:00\" \/>\n<meta name=\"twitter:card\" content=\"summary_large_image\" \/>\n<meta name=\"twitter:label1\" content=\"Tiempo de lectura\" \/>\n\t<meta name=\"twitter:data1\" content=\"1 minuto\" \/>\n<script type=\"application\/ld+json\" class=\"yoast-schema-graph\">{\"@context\":\"https:\/\/schema.org\",\"@graph\":[{\"@type\":\"WebPage\",\"@id\":\"https:\/\/info.encore-mx.com\/es\/recursos-para-miembros-del-equipo\/\",\"url\":\"https:\/\/info.encore-mx.com\/es\/recursos-para-miembros-del-equipo\/\",\"name\":\"Recursos para miembros del equipo - Event Management | Encore Mexico\",\"isPartOf\":{\"@id\":\"https:\/\/info.encore-mx.com\/#website\"},\"datePublished\":\"2024-08-20T19:22:01+00:00\",\"dateModified\":\"2024-08-20T19:42:35+00:00\",\"description\":\"Enlaces Importantes Recursos Humanos UltiPro Portal Capacitaci\u00f3n Encore University Recursos de Tecnolog\u00edas de la informaci\u00f3n Correo Web Intranet Para\",\"breadcrumb\":{\"@id\":\"https:\/\/info.encore-mx.com\/es\/recursos-para-miembros-del-equipo\/#breadcrumb\"},\"inLanguage\":\"es\",\"potentialAction\":[{\"@type\":\"ReadAction\",\"target\":[\"https:\/\/info.encore-mx.com\/es\/recursos-para-miembros-del-equipo\/\"]}]},{\"@type\":\"BreadcrumbList\",\"@id\":\"https:\/\/info.encore-mx.com\/es\/recursos-para-miembros-del-equipo\/#breadcrumb\",\"itemListElement\":[{\"@type\":\"ListItem\",\"position\":1,\"name\":\"Home\",\"item\":\"https:\/\/info.encore-mx.com\/es\/\"},{\"@type\":\"ListItem\",\"position\":2,\"name\":\"Recursos para miembros del equipo\"}]},{\"@type\":\"WebSite\",\"@id\":\"https:\/\/info.encore-mx.com\/#website\",\"url\":\"https:\/\/info.encore-mx.com\/\",\"name\":\"Encore Mexico\",\"description\":\"Events That Transform\",\"publisher\":{\"@id\":\"https:\/\/info.encore-mx.com\/#organization\"},\"potentialAction\":[{\"@type\":\"SearchAction\",\"target\":{\"@type\":\"EntryPoint\",\"urlTemplate\":\"https:\/\/info.encore-mx.com\/?s={search_term_string}\"},\"query-input\":{\"@type\":\"PropertyValueSpecification\",\"valueRequired\":true,\"valueName\":\"search_term_string\"}}],\"inLanguage\":\"es\"},{\"@type\":\"Organization\",\"@id\":\"https:\/\/info.encore-mx.com\/#organization\",\"name\":\"Encore Mexico\",\"url\":\"https:\/\/info.encore-mx.com\/\",\"logo\":{\"@type\":\"ImageObject\",\"inLanguage\":\"es\",\"@id\":\"https:\/\/info.encore-mx.com\/#\/schema\/logo\/image\/\",\"url\":\"https:\/\/cdn.encoreglobal.com\/wp-content\/uploads\/sites\/4\/2020\/08\/05172619\/Encore-Logo_Horiz.png\",\"contentUrl\":\"https:\/\/cdn.encoreglobal.com\/wp-content\/uploads\/sites\/4\/2020\/08\/05172619\/Encore-Logo_Horiz.png\",\"width\":1523,\"height\":476,\"caption\":\"Encore Mexico\"},\"image\":{\"@id\":\"https:\/\/info.encore-mx.com\/#\/schema\/logo\/image\/\"}}]}<\/script>\n<!-- \/ Yoast SEO Premium plugin. -->","yoast_head_json":{"title":"Recursos para miembros del equipo - Event Management | Encore Mexico","description":"Enlaces Importantes Recursos Humanos UltiPro Portal Capacitaci\u00f3n Encore University Recursos de Tecnolog\u00edas de la informaci\u00f3n Correo Web Intranet Para","robots":{"index":"noindex","follow":"follow","max-snippet":"max-snippet:-1","max-image-preview":"max-image-preview:large","max-video-preview":"max-video-preview:-1"},"og_locale":"es_ES","og_type":"article","og_title":"Recursos para miembros del equipo","og_description":"Enlaces Importantes Recursos Humanos UltiPro Portal Capacitaci\u00f3n Encore University Recursos de Tecnolog\u00edas de la informaci\u00f3n Correo Web Intranet Para","og_url":"https:\/\/info.encore-mx.com\/es\/recursos-para-miembros-del-equipo\/","og_site_name":"Encore Mexico","article_modified_time":"2024-08-20T19:42:35+00:00","twitter_card":"summary_large_image","twitter_misc":{"Tiempo de lectura":"1 minuto"},"schema":{"@context":"https:\/\/schema.org","@graph":[{"@type":"WebPage","@id":"https:\/\/info.encore-mx.com\/es\/recursos-para-miembros-del-equipo\/","url":"https:\/\/info.encore-mx.com\/es\/recursos-para-miembros-del-equipo\/","name":"Recursos para miembros del equipo - Event Management | Encore Mexico","isPartOf":{"@id":"https:\/\/info.encore-mx.com\/#website"},"datePublished":"2024-08-20T19:22:01+00:00","dateModified":"2024-08-20T19:42:35+00:00","description":"Enlaces Importantes Recursos Humanos UltiPro Portal Capacitaci\u00f3n Encore University Recursos de Tecnolog\u00edas de la informaci\u00f3n Correo Web Intranet Para","breadcrumb":{"@id":"https:\/\/info.encore-mx.com\/es\/recursos-para-miembros-del-equipo\/#breadcrumb"},"inLanguage":"es","potentialAction":[{"@type":"ReadAction","target":["https:\/\/info.encore-mx.com\/es\/recursos-para-miembros-del-equipo\/"]}]},{"@type":"BreadcrumbList","@id":"https:\/\/info.encore-mx.com\/es\/recursos-para-miembros-del-equipo\/#breadcrumb","itemListElement":[{"@type":"ListItem","position":1,"name":"Home","item":"https:\/\/info.encore-mx.com\/es\/"},{"@type":"ListItem","position":2,"name":"Recursos para miembros del equipo"}]},{"@type":"WebSite","@id":"https:\/\/info.encore-mx.com\/#website","url":"https:\/\/info.encore-mx.com\/","name":"Encore Mexico","description":"Events That Transform","publisher":{"@id":"https:\/\/info.encore-mx.com\/#organization"},"potentialAction":[{"@type":"SearchAction","target":{"@type":"EntryPoint","urlTemplate":"https:\/\/info.encore-mx.com\/?s={search_term_string}"},"query-input":{"@type":"PropertyValueSpecification","valueRequired":true,"valueName":"search_term_string"}}],"inLanguage":"es"},{"@type":"Organization","@id":"https:\/\/info.encore-mx.com\/#organization","name":"Encore Mexico","url":"https:\/\/info.encore-mx.com\/","logo":{"@type":"ImageObject","inLanguage":"es","@id":"https:\/\/info.encore-mx.com\/#\/schema\/logo\/image\/","url":"https:\/\/cdn.encoreglobal.com\/wp-content\/uploads\/sites\/4\/2020\/08\/05172619\/Encore-Logo_Horiz.png","contentUrl":"https:\/\/cdn.encoreglobal.com\/wp-content\/uploads\/sites\/4\/2020\/08\/05172619\/Encore-Logo_Horiz.png","width":1523,"height":476,"caption":"Encore Mexico"},"image":{"@id":"https:\/\/info.encore-mx.com\/#\/schema\/logo\/image\/"}}]}},"_links":{"self":[{"href":"https:\/\/info.encore-mx.com\/es\/wp-json\/wp\/v2\/pages\/48494","targetHints":{"allow":["GET"]}}],"collection":[{"href":"https:\/\/info.encore-mx.com\/es\/wp-json\/wp\/v2\/pages"}],"about":[{"href":"https:\/\/info.encore-mx.com\/es\/wp-json\/wp\/v2\/types\/page"}],"author":[{"embeddable":true,"href":"https:\/\/info.encore-mx.com\/es\/wp-json\/wp\/v2\/users\/7903"}],"replies":[{"embeddable":true,"href":"https:\/\/info.encore-mx.com\/es\/wp-json\/wp\/v2\/comments?post=48494"}],"version-history":[{"count":0,"href":"https:\/\/info.encore-mx.com\/es\/wp-json\/wp\/v2\/pages\/48494\/revisions"}],"wp:attachment":[{"href":"https:\/\/info.encore-mx.com\/es\/wp-json\/wp\/v2\/media?parent=48494"}],"wp:term":[{"taxonomy":"post_tag","embeddable":true,"href":"https:\/\/info.encore-mx.com\/es\/wp-json\/wp\/v2\/tags?post=48494"}],"curies":[{"name":"wp","href":"https:\/\/api.w.org\/{rel}","templated":true}]}}